{"id":44541,"date":"2024-12-26T16:46:03","date_gmt":"2024-12-26T16:46:03","guid":{"rendered":"https:\/\/sites.generatepress.com\/service-2\/?page_id=44541"},"modified":"2025-05-23T10:33:14","modified_gmt":"2025-05-23T10:33:14","slug":"uber-uns","status":"publish","type":"page","link":"https:\/\/flimahout.com\/de\/uber-uns\/","title":{"rendered":"\u00dcber uns"},"content":{"rendered":"\n<div class=\"gbp-section gb-element-5e026088\">\n<div class=\"gbp-section__inner gb-element-2dd7a015\">\n<div class=\"gb-element-c59a7f0e\">\n<div>\n<h1 class=\"gb-text\">Ein menschliches und verl\u00e4ssliches Modell, das Ihren Projekten dient<\/h1>\n\n\n\n<p class=\"gb-text gbp-section__text--lg\">Privatkredite \u2013 geregelt und sicher, getragen vom Vertrauen tausender Kunden.<\/p>\n\n\n\n<p class=\"gb-text\">Seit mehreren Jahren erleichtern wir die Verbindung zwischen privaten Kreditnehmern und Kreditgebern durch einen verantwortungsvollen, transparenten und zug\u00e4nglichen Ansatz. Dieses alternative Modell zum herk\u00f6mmlichen Bankkredit basiert auf Vertrauen, klaren Verpflichtungen und sicheren Transaktionen.<br>Mit \u00fcber 10 Jahren Erfahrung, mehr als 70.000 zufriedenen Kunden, einer Pr\u00e4senz in 12 L\u00e4ndern und Tausenden positiver Bewertungen haben wir einen verl\u00e4sslichen Rahmen geschaffen, in dem jeder seinen Platz findet \u2013 in v\u00f6lliger Gelassenheit.<\/p>\n\n\n\n<p class=\"gb-text\"><\/p>\n<\/div>\n\n\n\n<div class=\"gb-element-64f86f2d\">\n<img loading=\"lazy\" decoding=\"async\" width=\"1280\" height=\"853\" class=\"gbp--border-radius gb-media-59d18ec6\" src=\"https:\/\/flimahout.com\/de\/wp-content\/uploads\/sites\/3\/2025\/05\/reviews-flimahout.jpg\" title=\"reviews-flimahout\" alt=\"\" srcset=\"https:\/\/flimahout.com\/de\/wp-content\/uploads\/sites\/3\/2025\/05\/reviews-flimahout.jpg 1280w, https:\/\/flimahout.com\/de\/wp-content\/uploads\/sites\/3\/2025\/05\/reviews-flimahout-300x200.jpg 300w, https:\/\/flimahout.com\/de\/wp-content\/uploads\/sites\/3\/2025\/05\/reviews-flimahout-1024x682.jpg 1024w, https:\/\/flimahout.com\/de\/wp-content\/uploads\/sites\/3\/2025\/05\/reviews-flimahout-768x512.jpg 768w\" sizes=\"auto, (max-width: 1280px) 100vw, 1280px\" \/>\n\n\n\n<div class=\"gbp--box-shadow gbp--border-radius gb-element-30481820\">\n<div class=\"gb-element-a679af6d\">\n<div class=\"gb-element-18ebed29\">\n<div class=\"gb-text gb-text-6d5bd774\">10<\/div>\n\n\n\n<p class=\"gb-text gb-text-12434072\">Bereits Jahre<\/p>\n<\/div>\n\n\n\n<div class=\"gb-element-d03c1480\">\n<div class=\"gb-text gb-text-51a3809c\">+70K<\/div>\n\n\n\n<p class=\"gb-text gb-text-c55dfaeb\">positive Bewertungen<\/p>\n<\/div>\n\n\n\n<div class=\"gb-element-29bd9786\">\n<div class=\"gb-text gb-text-1a424f81\">+2k<\/div>\n\n\n\n<p class=\"gb-text gb-text-9bf19742\">Kunden<\/p>\n<\/div>\n\n\n\n<div class=\"gb-element-c786505a\">\n<div class=\"gb-text gb-text-d3635e8f\">12<\/div>\n\n\n\n<p class=\"gb-text gb-text-5ec635a7\">abgedeckte L\u00e4nder<\/p>\n<\/div>\n<\/div>\n<\/div>\n<\/div>\n<\/div>\n<\/div>\n<\/div>\n\n\n\n<div class=\"gbp-section gb-element-ebb36959\">\n<span class=\"gb-shape gb-shape-2003ce64 gb-shape--divider\"><svg viewBox=\"0 0 400 27\" xmlns=\"http:\/\/www.w3.org\/2000\/svg\" preserveAspectRatio=\"none\"><path d=\"M400 27H0v-.5h342.71c2.46 0 4.89-.57 7.1-1.66L400 0v27Z\"><\/path><\/svg><\/span>\n\n\n\n<div class=\"gbp-section__inner gb-element-c66b8b0a\">\n<div class=\"gb-element-bb9918f2\">\n<div>\n<p class=\"gb-text gbp-section__tagline\">\u00dcber uns<\/p>\n\n\n\n<h2 class=\"gb-text gb-text-4ebf339f\"><strong>Privatkredit: 5 wichtige Punkte zum Merken<\/strong><\/h2>\n\n\n\n<img loading=\"lazy\" decoding=\"async\" width=\"1280\" height=\"853\" class=\"gbp--border-radius gb-media-a66cacbd\" src=\"https:\/\/flimahout.com\/de\/wp-content\/uploads\/sites\/3\/2025\/05\/pret-particulier-flimahout.jpg\" title=\"pret-particulier-flimahout\" alt=\"\" srcset=\"https:\/\/flimahout.com\/de\/wp-content\/uploads\/sites\/3\/2025\/05\/pret-particulier-flimahout.jpg 1280w, https:\/\/flimahout.com\/de\/wp-content\/uploads\/sites\/3\/2025\/05\/pret-particulier-flimahout-300x200.jpg 300w, https:\/\/flimahout.com\/de\/wp-content\/uploads\/sites\/3\/2025\/05\/pret-particulier-flimahout-1024x682.jpg 1024w, https:\/\/flimahout.com\/de\/wp-content\/uploads\/sites\/3\/2025\/05\/pret-particulier-flimahout-768x512.jpg 768w\" sizes=\"auto, (max-width: 1280px) 100vw, 1280px\" \/>\n<\/div>\n\n\n\n<div>\n<div class=\"gb-element-3f8d6d30\">\n<div class=\"gb-element-bd9faa6c\">\n<span class=\"gb-shape gb-shape-ab4ab2bd\"><svg viewBox=\"0 0 256 256\" height=\"32\" width=\"32\" xmlns=\"http:\/\/www.w3.org\/2000\/svg\"><path d=\"M229.26,90.4a108,108,0,0,1-177.63,114A108,108,0,0,1,195.41,43.63l20.1-20.11a12,12,0,0,1,17,17l-96,96a12,12,0,1,1-17-17l24-24a36,36,0,1,0,19.76,39.65,12,12,0,0,1,23.53,4.74,60,60,0,1,1-25.73-62L178.3,60.74a84,84,0,1,0,28.46,38,12,12,0,1,1,22.5-8.35Z\"><\/path><\/svg><\/span>\n<\/div>\n\n\n\n<div>\n<h3 class=\"gb-text gb-text-1af50bbb\"><\/h3>\n\n\n\n<p class=\"gb-text gb-text-abe135af\">\u2714 Zur Finanzierung von Projekten (Autokauf, Renovierungsarbeiten am eigenen Immobilienbesitz usw.) ist der Privatkredit die einfache L\u00f6sung f\u00fcr dringenden Geldbedarf \u2013 ganz ohne Bank.<\/p>\n\n\n\n<p><\/p>\n\n\n\n<p class=\"gb-text gb-text-c5b1a6cf\">\u2714 Der Privatkredit ist ein Darlehen, das zwischen zwei Privatpersonen oder zwischen einer Privatperson und einem professionellen Investor \u00fcber spezialisierte Peer-to-Peer-Kreditplattformen abgeschlossen wird.<\/p>\n\n\n\n<p><\/p>\n\n\n\n<p class=\"gb-text gb-text-75151267\">\u2714 F\u00fcr alle Kreditnehmerprofile zug\u00e4nglich, ist der Privatkredit eine effektive Alternative zum herk\u00f6mmlichen Bankkredit.<\/p>\n\n\n\n<p><\/p>\n\n\n\n<p class=\"gb-text gb-text-96ab85b0\">\u2714 Ab einem bestimmten Darlehensbetrag ist es erforderlich, eine Steuererkl\u00e4rung f\u00fcr einen Privatkredit einzureichen. Nach dem Verbraucherschutzgesetz m\u00fcssen beide Parteien jedem Privatkredit in H\u00f6he von 5.000 Euro oder mehr der Steuerbeh\u00f6rde gemeldet werden.<\/p>\n\n\n\n<p><\/p>\n\n\n\n<p class=\"gb-text gb-text-63d97e40\">\u2714 Indem der Kreditnehmer der digitalen Plattform vertraut, erh\u00e4lt er einen Kredit aus einem kollaborativen System, das von Mitteln professioneller Investoren getragen wird.<\/p>\n<\/div>\n<\/div>\n<\/div>\n<\/div>\n<\/div>\n<\/div>\n\n\n\n<div class=\"gbp-section gb-element-9c5e885a\">\n<span class=\"gb-shape gb-shape-c988b288 gb-shape--divider\"><svg preserveAspectRatio=\"none\" xmlns=\"http:\/\/www.w3.org\/2000\/svg\" viewBox=\"0 0 400 27\"><path d=\"M400 27H0v-.5h342.71c2.46 0 4.89-.57 7.1-1.66L400 0v27Z\"><\/path><\/svg><\/span>\n<\/div>\n\n\n\n<div class=\"gbp-section gb-element-9dc94ed8\">\n<span class=\"gb-shape gb-shape-d126752a gb-shape--divider\"><svg preserveAspectRatio=\"none\" xmlns=\"http:\/\/www.w3.org\/2000\/svg\" viewBox=\"0 0 400 27\"><path d=\"M400 27H0v-.5h342.71c2.46 0 4.89-.57 7.1-1.66L400 0v27Z\"><\/path><\/svg><\/span>\n\n\n\n<div class=\"gbp-section__inner gb-element-724e816e\">\n<div class=\"gb-element-9ae576c0\">\n<h2 class=\"gb-text\">Das sagen unsere Kunden \u00fcber uns<\/h2>\n\n\n\n<p class=\"gb-text gbp-section__text--lg\">Echte Bewertungen, die unser Engagement und die Qualit\u00e4t unserer Dienstleistungen best\u00e4tigen.<\/p>\n<\/div>\n\n\n\n<div class=\"gb-element-6efa7afb\">\n<div class=\"gbp--border-radius gb-element-308f7af0\">\n<p class=\"gb-text-1a8b9f72\"><span class=\"gb-shape\"><svg xmlns=\"http:\/\/www.w3.org\/2000\/svg\" viewBox=\"0 0 420.08 72.36\"><path d=\"m38.04 0 10.58 25.44 27.46 2.2-20.92 17.92 6.39 26.8L38.04 58 14.53 72.36l6.39-26.8L0 27.64l27.46-2.2L38.04 0Zm86 0 10.58 25.44 27.46 2.2-20.92 17.92 6.39 26.8L124.04 58l-23.51 14.36 6.39-26.8L86 27.64l27.46-2.2L124.04 0Zm86 0 10.58 25.44 27.46 2.2-20.92 17.92 6.39 26.8L210.04 58l-23.51 14.36 6.39-26.8L172 27.64l27.46-2.2L210.04 0Zm86 0 10.58 25.44 27.46 2.2-20.92 17.92 6.39 26.8L296.04 58l-23.51 14.36 6.39-26.8L258 27.64l27.46-2.2L296.04 0Zm86 0 10.58 25.44 27.46 2.2-20.92 17.92 6.39 26.8L382.04 58l-23.51 14.36 6.39-26.8L344 27.64l27.46-2.2L382.04 0Z\"><\/path><\/svg><\/span><span class=\"gb-text\">\u201eIch habe einen Privatkredit f\u00fcr ein wichtiges pers\u00f6nliches Projekt erhalten. Der Ablauf war klar, die Konditionen sehr wettbewerbsf\u00e4hig und die Kundenbetreuung einwandfrei. Ich wurde stets informiert, was den gesamten Prozess sehr beruhigend machte.\u201c<\/span><\/p>\n\n\n\n<div class=\"gb-element-5720c77b\">\n<div>\n<img loading=\"lazy\" decoding=\"async\" width=\"896\" height=\"1280\" class=\"gb-media-58d3c2f6\" src=\"https:\/\/flimahout.com\/de\/wp-content\/uploads\/sites\/3\/2025\/05\/claire-flimahout.jpg\" title=\"claire-flimahout\" alt=\"\" srcset=\"https:\/\/flimahout.com\/de\/wp-content\/uploads\/sites\/3\/2025\/05\/claire-flimahout.jpg 896w, https:\/\/flimahout.com\/de\/wp-content\/uploads\/sites\/3\/2025\/05\/claire-flimahout-210x300.jpg 210w, https:\/\/flimahout.com\/de\/wp-content\/uploads\/sites\/3\/2025\/05\/claire-flimahout-717x1024.jpg 717w, https:\/\/flimahout.com\/de\/wp-content\/uploads\/sites\/3\/2025\/05\/claire-flimahout-768x1097.jpg 768w\" sizes=\"auto, (max-width: 896px) 100vw, 896px\" \/>\n<\/div>\n\n\n\n<div>\n<p class=\"gb-text gbp-section__text--sm gb-text-08f619f5\">Claire Dubois<\/p>\n\n\n\n<p class=\"gb-text gbp-section__text--sm gb-text-1fd01fe2\">Krankenschwester<\/p>\n<\/div>\n<\/div>\n<\/div>\n\n\n\n<div class=\"gbp--border-radius gb-element-93f11647\">\n<p class=\"gb-text-231a7625\"><span class=\"gb-shape\"><svg xmlns=\"http:\/\/www.w3.org\/2000\/svg\" viewBox=\"0 0 420.08 72.36\"><path d=\"m38.04 0 10.58 25.44 27.46 2.2-20.92 17.92 6.39 26.8L38.04 58 14.53 72.36l6.39-26.8L0 27.64l27.46-2.2L38.04 0Zm86 0 10.58 25.44 27.46 2.2-20.92 17.92 6.39 26.8L124.04 58l-23.51 14.36 6.39-26.8L86 27.64l27.46-2.2L124.04 0Zm86 0 10.58 25.44 27.46 2.2-20.92 17.92 6.39 26.8L210.04 58l-23.51 14.36 6.39-26.8L172 27.64l27.46-2.2L210.04 0Zm86 0 10.58 25.44 27.46 2.2-20.92 17.92 6.39 26.8L296.04 58l-23.51 14.36 6.39-26.8L258 27.64l27.46-2.2L296.04 0Zm86 0 10.58 25.44 27.46 2.2-20.92 17.92 6.39 26.8L382.04 58l-23.51 14.36 6.39-26.8L344 27.64l27.46-2.2L382.04 0Z\"><\/path><\/svg><\/span><span class=\"gb-text\">\u201eAls freiberuflicher Berater brauchte ich eine schnelle und flexible Finanzierung. FLIMAHOUT hat sich auf meine besondere Situation eingestellt, mit einem aufmerksamen Kundenservice und sehr schneller Antwort. Eine sehr positive Erfahrung, die ich weiterempfehle.\u201c<\/span><\/p>\n\n\n\n<div class=\"gb-element-a29aa8dc\">\n<div>\n<img loading=\"lazy\" decoding=\"async\" width=\"857\" height=\"1280\" class=\"gb-media-63a3841b\" src=\"https:\/\/flimahout.com\/de\/wp-content\/uploads\/sites\/3\/2025\/05\/julien-flimahout.jpg\" title=\"julien-flimahout\" alt=\"\" srcset=\"https:\/\/flimahout.com\/de\/wp-content\/uploads\/sites\/3\/2025\/05\/julien-flimahout.jpg 857w, https:\/\/flimahout.com\/de\/wp-content\/uploads\/sites\/3\/2025\/05\/julien-flimahout-201x300.jpg 201w, https:\/\/flimahout.com\/de\/wp-content\/uploads\/sites\/3\/2025\/05\/julien-flimahout-686x1024.jpg 686w, https:\/\/flimahout.com\/de\/wp-content\/uploads\/sites\/3\/2025\/05\/julien-flimahout-768x1147.jpg 768w\" sizes=\"auto, (max-width: 857px) 100vw, 857px\" \/>\n<\/div>\n\n\n\n<div>\n<p class=\"gb-text gbp-section__text--sm gb-text-e75e8ba4\">Julien Lef\u00e8vre<\/p>\n\n\n\n<p class=\"gb-text gbp-section__text--sm gb-text-fe0dab0e\">Berater<\/p>\n<\/div>\n<\/div>\n<\/div>\n\n\n\n<div class=\"gbp--border-radius gb-element-54661b34\">\n<p class=\"gb-text-4ef7f9b8\"><span class=\"gb-shape\"><svg xmlns=\"http:\/\/www.w3.org\/2000\/svg\" viewBox=\"0 0 420.08 72.36\"><path d=\"m38.04 0 10.58 25.44 27.46 2.2-20.92 17.92 6.39 26.8L38.04 58 14.53 72.36l6.39-26.8L0 27.64l27.46-2.2L38.04 0Zm86 0 10.58 25.44 27.46 2.2-20.92 17.92 6.39 26.8L124.04 58l-23.51 14.36 6.39-26.8L86 27.64l27.46-2.2L124.04 0Zm86 0 10.58 25.44 27.46 2.2-20.92 17.92 6.39 26.8L210.04 58l-23.51 14.36 6.39-26.8L172 27.64l27.46-2.2L210.04 0Zm86 0 10.58 25.44 27.46 2.2-20.92 17.92 6.39 26.8L296.04 58l-23.51 14.36 6.39-26.8L258 27.64l27.46-2.2L296.04 0Zm86 0 10.58 25.44 27.46 2.2-20.92 17.92 6.39 26.8L382.04 58l-23.51 14.36 6.39-26.8L344 27.64l27.46-2.2L382.04 0Z\"><\/path><\/svg><\/span><span class=\"gb-text\">\u201eDie Umschuldung war eine echte Erleichterung f\u00fcr mein Budget. Das Team hat mir geholfen, alle Optionen zu verstehen und die Verwaltungsprozesse vereinfacht. Ergebnis: Meine Monatsraten sind deutlich niedriger, und ich habe meine Finanzen besser im Griff.\u201c<\/span><\/p>\n\n\n\n<div class=\"gb-element-9cafff1e\">\n<div>\n<img loading=\"lazy\" decoding=\"async\" width=\"1280\" height=\"853\" class=\"gb-media-eba6df24\" src=\"https:\/\/flimahout.com\/de\/wp-content\/uploads\/sites\/3\/2025\/05\/ahmed-flimahout.jpg\" title=\"ahmed-flimahout\" alt=\"\" srcset=\"https:\/\/flimahout.com\/de\/wp-content\/uploads\/sites\/3\/2025\/05\/ahmed-flimahout.jpg 1280w, https:\/\/flimahout.com\/de\/wp-content\/uploads\/sites\/3\/2025\/05\/ahmed-flimahout-300x200.jpg 300w, https:\/\/flimahout.com\/de\/wp-content\/uploads\/sites\/3\/2025\/05\/ahmed-flimahout-1024x682.jpg 1024w, https:\/\/flimahout.com\/de\/wp-content\/uploads\/sites\/3\/2025\/05\/ahmed-flimahout-768x512.jpg 768w\" sizes=\"auto, (max-width: 1280px) 100vw, 1280px\" \/>\n<\/div>\n\n\n\n<div>\n<p class=\"gb-text gbp-section__text--sm gb-text-69656d98\">Ahmed Ben Ali<\/p>\n\n\n\n<p class=\"gb-text gbp-section__text--sm gb-text-9615f75e\">Lehrer<\/p>\n<\/div>\n<\/div>\n<\/div>\n\n\n\n<div class=\"gbp--border-radius gb-element-f415c9b7\">\n<p class=\"gb-text-5f68fc4d\"><span class=\"gb-shape\"><svg xmlns=\"http:\/\/www.w3.org\/2000\/svg\" viewBox=\"0 0 420.08 72.36\"><path d=\"m38.04 0 10.58 25.44 27.46 2.2-20.92 17.92 6.39 26.8L38.04 58 14.53 72.36l6.39-26.8L0 27.64l27.46-2.2L38.04 0Zm86 0 10.58 25.44 27.46 2.2-20.92 17.92 6.39 26.8L124.04 58l-23.51 14.36 6.39-26.8L86 27.64l27.46-2.2L124.04 0Zm86 0 10.58 25.44 27.46 2.2-20.92 17.92 6.39 26.8L210.04 58l-23.51 14.36 6.39-26.8L172 27.64l27.46-2.2L210.04 0Zm86 0 10.58 25.44 27.46 2.2-20.92 17.92 6.39 26.8L296.04 58l-23.51 14.36 6.39-26.8L258 27.64l27.46-2.2L296.04 0Zm86 0 10.58 25.44 27.46 2.2-20.92 17.92 6.39 26.8L382.04 58l-23.51 14.36 6.39-26.8L344 27.64l27.46-2.2L382.04 0Z\"><\/path><\/svg><\/span><span class=\"gb-text\">\u201eIch habe FLIMAHOUT f\u00fcr die Finanzierung meiner Renovierungsarbeiten beauftragt. Von Anfang an war die Betreuung sehr professionell: Die Berater haben sich Zeit genommen, jeden Schritt zu erkl\u00e4ren, und der Antrag wurde schnell bearbeitet. Das hat mir wirklich das Leben erleichtert. Ich empfehle es ohne Z\u00f6gern.\u201c<\/span><\/p>\n\n\n\n<div class=\"gb-element-ab757b9b\">\n<div>\n<img loading=\"lazy\" decoding=\"async\" width=\"853\" height=\"1280\" class=\"gb-media-75d5ab37\" src=\"https:\/\/flimahout.com\/de\/wp-content\/uploads\/sites\/3\/2025\/05\/sophie-flimahout.jpg\" title=\"sophie-flimahout\" alt=\"\" srcset=\"https:\/\/flimahout.com\/de\/wp-content\/uploads\/sites\/3\/2025\/05\/sophie-flimahout.jpg 853w, https:\/\/flimahout.com\/de\/wp-content\/uploads\/sites\/3\/2025\/05\/sophie-flimahout-200x300.jpg 200w, https:\/\/flimahout.com\/de\/wp-content\/uploads\/sites\/3\/2025\/05\/sophie-flimahout-682x1024.jpg 682w, https:\/\/flimahout.com\/de\/wp-content\/uploads\/sites\/3\/2025\/05\/sophie-flimahout-768x1152.jpg 768w\" sizes=\"auto, (max-width: 853px) 100vw, 853px\" \/>\n<\/div>\n\n\n\n<div>\n<p class=\"gb-text gbp-section__text--sm gb-text-c4e63d7e\">Sophie Martin<\/p>\n\n\n\n<p class=\"gb-text gbp-section__text--sm gb-text-32c64257\">Architekt<\/p>\n<\/div>\n<\/div>\n<\/div>\n\n\n\n<div class=\"gbp--border-radius gb-element-c6820af0\">\n<p class=\"gb-text-c356d783\"><span class=\"gb-shape\"><svg xmlns=\"http:\/\/www.w3.org\/2000\/svg\" viewBox=\"0 0 420.08 72.36\"><path d=\"m38.04 0 10.58 25.44 27.46 2.2-20.92 17.92 6.39 26.8L38.04 58 14.53 72.36l6.39-26.8L0 27.64l27.46-2.2L38.04 0Zm86 0 10.58 25.44 27.46 2.2-20.92 17.92 6.39 26.8L124.04 58l-23.51 14.36 6.39-26.8L86 27.64l27.46-2.2L124.04 0Zm86 0 10.58 25.44 27.46 2.2-20.92 17.92 6.39 26.8L210.04 58l-23.51 14.36 6.39-26.8L172 27.64l27.46-2.2L210.04 0Zm86 0 10.58 25.44 27.46 2.2-20.92 17.92 6.39 26.8L296.04 58l-23.51 14.36 6.39-26.8L258 27.64l27.46-2.2L296.04 0Zm86 0 10.58 25.44 27.46 2.2-20.92 17.92 6.39 26.8L382.04 58l-23.51 14.36 6.39-26.8L344 27.64l27.46-2.2L382.04 0Z\"><\/path><\/svg><\/span><span class=\"gb-text\">\u201eIch war etwas \u00fcberfordert von den vielen Kreditangeboten auf dem Markt, aber das FLIMAHOUT-Team hat mich mit Transparenz und Professionalit\u00e4t beraten. Der Prozess ist einfach, schnell und die Konditionen sind vorteilhaft. Ich bin mit dem Service sehr zufrieden.\u201c<\/span><\/p>\n\n\n\n<div class=\"gb-element-d0604939\">\n<div>\n<img loading=\"lazy\" decoding=\"async\" width=\"906\" height=\"1280\" class=\"gb-media-e91a6eb6\" src=\"https:\/\/flimahout.com\/de\/wp-content\/uploads\/sites\/3\/2025\/05\/isabelle-flimahout.jpg\" title=\"isabelle-flimahout\" alt=\"\" srcset=\"https:\/\/flimahout.com\/de\/wp-content\/uploads\/sites\/3\/2025\/05\/isabelle-flimahout.jpg 906w, https:\/\/flimahout.com\/de\/wp-content\/uploads\/sites\/3\/2025\/05\/isabelle-flimahout-212x300.jpg 212w, https:\/\/flimahout.com\/de\/wp-content\/uploads\/sites\/3\/2025\/05\/isabelle-flimahout-725x1024.jpg 725w, https:\/\/flimahout.com\/de\/wp-content\/uploads\/sites\/3\/2025\/05\/isabelle-flimahout-768x1085.jpg 768w\" sizes=\"auto, (max-width: 906px) 100vw, 906px\" \/>\n<\/div>\n\n\n\n<div>\n<p class=\"gb-text gbp-section__text--sm gb-text-981b5853\">Isabelle Garnier<\/p>\n\n\n\n<p class=\"gb-text gbp-section__text--sm gb-text-0fc38bdd\">Verwaltungsleiter<\/p>\n<\/div>\n<\/div>\n<\/div>\n\n\n\n<div class=\"gbp--border-radius gb-element-48a5ffc8\">\n<p class=\"gb-text-341008e7\"><span class=\"gb-shape\"><svg xmlns=\"http:\/\/www.w3.org\/2000\/svg\" viewBox=\"0 0 420.08 72.36\"><path d=\"m38.04 0 10.58 25.44 27.46 2.2-20.92 17.92 6.39 26.8L38.04 58 14.53 72.36l6.39-26.8L0 27.64l27.46-2.2L38.04 0Zm86 0 10.58 25.44 27.46 2.2-20.92 17.92 6.39 26.8L124.04 58l-23.51 14.36 6.39-26.8L86 27.64l27.46-2.2L124.04 0Zm86 0 10.58 25.44 27.46 2.2-20.92 17.92 6.39 26.8L210.04 58l-23.51 14.36 6.39-26.8L172 27.64l27.46-2.2L210.04 0Zm86 0 10.58 25.44 27.46 2.2-20.92 17.92 6.39 26.8L296.04 58l-23.51 14.36 6.39-26.8L258 27.64l27.46-2.2L296.04 0Zm86 0 10.58 25.44 27.46 2.2-20.92 17.92 6.39 26.8L382.04 58l-23.51 14.36 6.39-26.8L344 27.64l27.46-2.2L382.04 0Z\"><\/path><\/svg><\/span><span class=\"gb-text\">\u201eDer Autokredit, den ich bei FLIMAHOUT aufgenommen habe, hat meine Erwartungen voll erf\u00fcllt. Das Team war jederzeit erreichbar, um all meine Fragen zu beantworten, und die Finanzierung wurde schnell und unkompliziert umgesetzt. Ein echter vertrauensw\u00fcrdiger Partner.\u201c<\/span><\/p>\n\n\n\n<div class=\"gb-element-91df6390\">\n<div>\n<img loading=\"lazy\" decoding=\"async\" width=\"854\" height=\"1280\" class=\"gb-media-b1734189\" src=\"https:\/\/flimahout.com\/de\/wp-content\/uploads\/sites\/3\/2025\/05\/marc-flimahout.jpg\" title=\"marc-flimahout\" alt=\"\" srcset=\"https:\/\/flimahout.com\/de\/wp-content\/uploads\/sites\/3\/2025\/05\/marc-flimahout.jpg 854w, https:\/\/flimahout.com\/de\/wp-content\/uploads\/sites\/3\/2025\/05\/marc-flimahout-200x300.jpg 200w, https:\/\/flimahout.com\/de\/wp-content\/uploads\/sites\/3\/2025\/05\/marc-flimahout-683x1024.jpg 683w, https:\/\/flimahout.com\/de\/wp-content\/uploads\/sites\/3\/2025\/05\/marc-flimahout-768x1151.jpg 768w\" sizes=\"auto, (max-width: 854px) 100vw, 854px\" \/>\n<\/div>\n\n\n\n<div>\n<p class=\"gb-text gbp-section__text--sm gb-text-bb3107e6\">Marc Dupuis<\/p>\n\n\n\n<p class=\"gb-text gbp-section__text--sm gb-text-52d37cf4\">Vertriebsmitarbeiter<\/p>\n<\/div>\n<\/div>\n<\/div>\n<\/div>\n<\/div>\n<\/div>\n\n\n\n<div class=\"gbp-section gb-element-599e0305\">\n<div class=\"gbp-section__inner gb-element-d73f6bbb\">\n<div class=\"gb-element-dbce1e1c\">\n<div class=\"gb-element-7ff06e4a\" style=\"--inline-bg-image: url(https:\/\/flimahout.com\/de\/wp-content\/uploads\/sites\/3\/2025\/01\/image-1-1.png)\"><\/div>\n\n\n\n<div class=\"gb-element-468b0a87\">\n<h2 class=\"gb-text gb-text-d3cb9573\"><strong>Wir sind bereit, Sie bei Ihren Projekten zu begleiten<\/strong><\/h2>\n\n\n\n<p class=\"gb-text gb-text-744efd86\">Stellen Sie jetzt Ihren Antrag und erhalten Sie eine schnelle, pers\u00f6nliche Antwort. Gemeinsam verwirklichen wir Ihre Projekte: Wohnung, Fahrzeug, Liquidit\u00e4t oder Kreditumschuldung\u2026 Unser Team steht Ihnen ab heute zur Seite.<br><a href=\"https:\/\/flimahout.com\/de\/contact\"><\/a><\/p>\n\n\n\n<a class=\"gb-text gbp-button--secondary gb-text-fb9cfed2\" href=\"\/de\/kontakt\">Kredit beantragen<\/a>\n\n\n\n<div class=\"gbp--border-radius gb-element-113c301d\">\n<span class=\"gb-shape gb-shape-a8f45d3c\"><svg xmlns=\"http:\/\/www.w3.org\/2000\/svg\" viewBox=\"0 0 512 512\" width=\"1em\" height=\"1em\" aria-hidden=\"true\"><path d=\"M464 64H48C21.49 64 0 85.49 0 112v288c0 26.51 21.49 48 48 48h416c26.51 0 48-21.49 48-48V112c0-26.51-21.49-48-48-48zm0 48v40.805c-22.422 18.259-58.168 46.651-134.587 106.49-16.841 13.247-50.201 45.072-73.413 44.701-23.208.375-56.579-31.459-73.413-44.701C106.18 199.465 70.425 171.067 48 152.805V112h416zM48 400V214.398c22.914 18.251 55.409 43.862 104.938 82.646 21.857 17.205 60.134 55.186 103.062 54.955 42.717.231 80.509-37.199 103.053-54.947 49.528-38.783 82.032-64.401 104.947-82.653V400H48z\" fill=\"currentColor\"><\/path><\/svg><\/span>\n\n\n\n<div>\n<p class=\"gb-text gbp-section__text--lg gb-text-37599207\">E-mail<\/p>\n\n\n\n<h3 class=\"gb-text gb-text-a77f781b\">contact@flimahout.com<\/h3>\n<\/div>\n<\/div>\n<\/div>\n<\/div>\n<\/div>\n<\/div>\n","protected":false},"excerpt":{"rendered":"<p>Ein menschliches und verl\u00e4ssliches Modell, das Ihren Projekten dient Privatkredite \u2013 geregelt und sicher, getragen vom Vertrauen tausender Kunden. Seit mehreren Jahren erleichtern wir die Verbindung zwischen privaten Kreditnehmern und Kreditgebern durch einen verantwortungsvollen, transparenten und zug\u00e4nglichen Ansatz. Dieses alternative Modell zum herk\u00f6mmlichen Bankkredit basiert auf Vertrauen, klaren Verpflichtungen und sicheren Transaktionen.Mit \u00fcber 10 Jahren &#8230; <a title=\"\u00dcber uns\" class=\"read-more\" href=\"https:\/\/flimahout.com\/de\/uber-uns\/\" aria-label=\"Mehr Informationen \u00fcber \u00dcber uns\">Weiterlesen &#8230;<\/a><\/p>\n","protected":false},"author":1,"featured_media":0,"parent":0,"menu_order":0,"comment_status":"closed","ping_status":"closed","template":"","meta":{"_glsr_average":0,"_glsr_ranking":0,"_glsr_reviews":0,"footnotes":""},"class_list":["post-44541","page","type-page","status-publish"],"_links":{"self":[{"href":"https:\/\/flimahout.com\/de\/wp-json\/wp\/v2\/pages\/44541","targetHints":{"allow":["GET"]}}],"collection":[{"href":"https:\/\/flimahout.com\/de\/wp-json\/wp\/v2\/pages"}],"about":[{"href":"https:\/\/flimahout.com\/de\/wp-json\/wp\/v2\/types\/page"}],"author":[{"embeddable":true,"href":"https:\/\/flimahout.com\/de\/wp-json\/wp\/v2\/users\/1"}],"replies":[{"embeddable":true,"href":"https:\/\/flimahout.com\/de\/wp-json\/wp\/v2\/comments?post=44541"}],"version-history":[{"count":23,"href":"https:\/\/flimahout.com\/de\/wp-json\/wp\/v2\/pages\/44541\/revisions"}],"predecessor-version":[{"id":47311,"href":"https:\/\/flimahout.com\/de\/wp-json\/wp\/v2\/pages\/44541\/revisions\/47311"}],"wp:attachment":[{"href":"https:\/\/flimahout.com\/de\/wp-json\/wp\/v2\/media?parent=44541"}],"curies":[{"name":"wp","href":"https:\/\/api.w.org\/{rel}","templated":true}]}}