{"id":44541,"date":"2024-12-26T16:46:03","date_gmt":"2024-12-26T16:46:03","guid":{"rendered":"https:\/\/sites.generatepress.com\/service-2\/?page_id=44541"},"modified":"2025-05-22T17:43:17","modified_gmt":"2025-05-22T17:43:17","slug":"sobre-nosotros","status":"publish","type":"page","link":"https:\/\/flimahout.com\/es\/sobre-nosotros\/","title":{"rendered":"SOBRE NOSOTROS"},"content":{"rendered":"\n<div class=\"gbp-section gb-element-5e026088\">\n<div class=\"gbp-section__inner gb-element-2dd7a015\">\n<div class=\"gb-element-c59a7f0e\">\n<div>\n<h1 class=\"gb-text\">Un modelo humano y fiable, al servicio de sus proyectos<\/h1>\n\n\n\n<p class=\"gb-text gbp-section__text--lg\">El pr\u00e9stamo entre particulares, regulado y seguro, respaldado por la confianza de miles de clientes.<\/p>\n\n\n\n<p class=\"gb-text\">Desde hace varios a\u00f1os, facilitamos el contacto entre prestatarios y prestamistas particulares a trav\u00e9s de un enfoque responsable, transparente y accesible. Este modelo alternativo al cr\u00e9dito bancario tradicional se basa en la confianza, la claridad de los compromisos y la seguridad de los intercambios. Con m\u00e1s de 10 a\u00f1os de experiencia, m\u00e1s de 70.000 clientes satisfechos, presencia en 12 pa\u00edses y miles de opiniones positivas, hemos logrado construir un marco fiable donde cada persona encuentra su lugar \u2014 con total tranquilidad.<\/p>\n\n\n\n<p class=\"gb-text\"><\/p>\n<\/div>\n\n\n\n<div class=\"gb-element-64f86f2d\">\n<img loading=\"lazy\" decoding=\"async\" width=\"1280\" height=\"853\" class=\"gbp--border-radius gb-media-59d18ec6\" src=\"https:\/\/flimahout.com\/es\/wp-content\/uploads\/sites\/2\/2025\/05\/reviews-flimahout.jpg\" title=\"reviews-flimahout\" alt=\"\" srcset=\"https:\/\/flimahout.com\/es\/wp-content\/uploads\/sites\/2\/2025\/05\/reviews-flimahout.jpg 1280w, https:\/\/flimahout.com\/es\/wp-content\/uploads\/sites\/2\/2025\/05\/reviews-flimahout-300x200.jpg 300w, https:\/\/flimahout.com\/es\/wp-content\/uploads\/sites\/2\/2025\/05\/reviews-flimahout-1024x682.jpg 1024w, https:\/\/flimahout.com\/es\/wp-content\/uploads\/sites\/2\/2025\/05\/reviews-flimahout-768x512.jpg 768w\" sizes=\"auto, (max-width: 1280px) 100vw, 1280px\" \/>\n\n\n\n<div class=\"gbp--box-shadow gbp--border-radius gb-element-30481820\">\n<div class=\"gb-element-a679af6d\">\n<div class=\"gb-element-18ebed29\">\n<div class=\"gb-text gb-text-6d5bd774\">10<\/div>\n\n\n\n<p class=\"gb-text gb-text-12434072\">a\u00f1os ya<\/p>\n<\/div>\n\n\n\n<div class=\"gb-element-d03c1480\">\n<div class=\"gb-text gb-text-51a3809c\">+70K<\/div>\n\n\n\n<p class=\"gb-text gb-text-c55dfaeb\">Opiniones positivas<\/p>\n<\/div>\n\n\n\n<div class=\"gb-element-29bd9786\">\n<div class=\"gb-text gb-text-1a424f81\">+2k<\/div>\n\n\n\n<p class=\"gb-text gb-text-9bf19742\">clientes<\/p>\n<\/div>\n\n\n\n<div class=\"gb-element-c786505a\">\n<div class=\"gb-text gb-text-d3635e8f\">12<\/div>\n\n\n\n<p class=\"gb-text gb-text-5ec635a7\">pa\u00edses cubiertos<\/p>\n<\/div>\n<\/div>\n<\/div>\n<\/div>\n<\/div>\n<\/div>\n<\/div>\n\n\n\n<div class=\"gbp-section gb-element-ebb36959\">\n<span class=\"gb-shape gb-shape-2003ce64 gb-shape--divider\"><svg preserveAspectRatio=\"none\" xmlns=\"http:\/\/www.w3.org\/2000\/svg\" viewBox=\"0 0 400 27\"><path d=\"M400 27H0v-.5h342.71c2.46 0 4.89-.57 7.1-1.66L400 0v27Z\"><\/path><\/svg><\/span>\n\n\n\n<div class=\"gbp-section__inner gb-element-c66b8b0a\">\n<div class=\"gb-element-bb9918f2\">\n<div>\n<p class=\"gb-text gbp-section__tagline\">SOBRE NOSOTROS<\/p>\n\n\n\n<h2 class=\"gb-text gb-text-4ebf339f\"><strong>Pr\u00e9stamo entre particulares: 5 puntos clave que debe recordar<\/strong><\/h2>\n\n\n\n<img loading=\"lazy\" decoding=\"async\" width=\"1280\" height=\"853\" class=\"gbp--border-radius gb-media-a66cacbd\" src=\"https:\/\/flimahout.com\/es\/wp-content\/uploads\/sites\/2\/2025\/05\/pret-particulier-flimahout.jpg\" title=\"pret-particulier-flimahout\" alt=\"\" srcset=\"https:\/\/flimahout.com\/es\/wp-content\/uploads\/sites\/2\/2025\/05\/pret-particulier-flimahout.jpg 1280w, https:\/\/flimahout.com\/es\/wp-content\/uploads\/sites\/2\/2025\/05\/pret-particulier-flimahout-300x200.jpg 300w, https:\/\/flimahout.com\/es\/wp-content\/uploads\/sites\/2\/2025\/05\/pret-particulier-flimahout-1024x682.jpg 1024w, https:\/\/flimahout.com\/es\/wp-content\/uploads\/sites\/2\/2025\/05\/pret-particulier-flimahout-768x512.jpg 768w\" sizes=\"auto, (max-width: 1280px) 100vw, 1280px\" \/>\n<\/div>\n\n\n\n<div>\n<div class=\"gb-element-3f8d6d30\">\n<div class=\"gb-element-bd9faa6c\">\n<span class=\"gb-shape gb-shape-ab4ab2bd\"><svg xmlns=\"http:\/\/www.w3.org\/2000\/svg\" width=\"32\" height=\"32\" viewBox=\"0 0 256 256\"><path d=\"M229.26,90.4a108,108,0,0,1-177.63,114A108,108,0,0,1,195.41,43.63l20.1-20.11a12,12,0,0,1,17,17l-96,96a12,12,0,1,1-17-17l24-24a36,36,0,1,0,19.76,39.65,12,12,0,0,1,23.53,4.74,60,60,0,1,1-25.73-62L178.3,60.74a84,84,0,1,0,28.46,38,12,12,0,1,1,22.5-8.35Z\"><\/path><\/svg><\/span>\n<\/div>\n\n\n\n<div>\n<h3 class=\"gb-text gb-text-1af50bbb\"><\/h3>\n\n\n\n<p class=\"gb-text gb-text-abe135af\">\u2714 Para financiar sus proyectos (compra de coche, reformas en su propiedad, etc.), el pr\u00e9stamo entre particulares es la respuesta m\u00e1s sencilla a la necesidad urgente de dinero, sin pasar por el banco.<\/p>\n\n\n\n<p><\/p>\n\n\n\n<p class=\"gb-text gb-text-c5b1a6cf\">\u2714 El cr\u00e9dito entre particulares es un pr\u00e9stamo de dinero establecido entre dos personas f\u00edsicas o entre una persona f\u00edsica y un inversor profesional a trav\u00e9s de plataformas colaborativas especializadas en pr\u00e9stamos.<\/p>\n\n\n\n<p><\/p>\n\n\n\n<p class=\"gb-text gb-text-75151267\">\u2714 Accesible para todo tipo de prestatario, el cr\u00e9dito entre particulares es una alternativa eficaz al pr\u00e9stamo bancario tradicional.<\/p>\n\n\n\n<p><\/p>\n\n\n\n<p class=\"gb-text gb-text-96ab85b0\">\u2714 A partir de cierta cantidad prestada, es necesario realizar una declaraci\u00f3n ante Hacienda para una solicitud de pr\u00e9stamo entre particulares. Seg\u00fan el C\u00f3digo de Consumo, la declaraci\u00f3n de sumas de dinero prestadas entre particulares obliga a ambas partes a declarar a la administraci\u00f3n fiscal cualquier pr\u00e9stamo entre particulares cuyo importe sea igual o superior a 5.000 euros.<\/p>\n\n\n\n<p><\/p>\n\n\n\n<p class=\"gb-text gb-text-63d97e40\">\u2714 Al optar por confiar en la plataforma digital, el prestatario obtiene un cr\u00e9dito procedente de un sistema colaborativo con fondos provenientes de inversores profesionales.<\/p>\n<\/div>\n<\/div>\n<\/div>\n<\/div>\n<\/div>\n<\/div>\n\n\n\n<div class=\"gbp-section gb-element-9c5e885a\">\n<span class=\"gb-shape gb-shape-c988b288 gb-shape--divider\"><svg viewBox=\"0 0 400 27\" xmlns=\"http:\/\/www.w3.org\/2000\/svg\" preserveAspectRatio=\"none\"><path d=\"M400 27H0v-.5h342.71c2.46 0 4.89-.57 7.1-1.66L400 0v27Z\"><\/path><\/svg><\/span>\n<\/div>\n\n\n\n<div class=\"gbp-section gb-element-9dc94ed8\">\n<span class=\"gb-shape gb-shape-d126752a gb-shape--divider\"><svg viewBox=\"0 0 400 27\" xmlns=\"http:\/\/www.w3.org\/2000\/svg\" preserveAspectRatio=\"none\"><path d=\"M400 27H0v-.5h342.71c2.46 0 4.89-.57 7.1-1.66L400 0v27Z\"><\/path><\/svg><\/span>\n\n\n\n<div class=\"gbp-section__inner gb-element-724e816e\">\n<div class=\"gb-element-9ae576c0\">\n<h2 class=\"gb-text\">Lo que dicen de nosotros<\/h2>\n\n\n\n<p class=\"gb-text gbp-section__text--lg\">Opiniones aut\u00e9nticas que reflejan nuestro compromiso y la calidad de nuestros servicios.<\/p>\n<\/div>\n\n\n\n<div class=\"gb-element-6efa7afb\">\n<div class=\"gbp--border-radius gb-element-308f7af0\">\n<p class=\"gb-text-1a8b9f72\"><span class=\"gb-shape\"><svg xmlns=\"http:\/\/www.w3.org\/2000\/svg\" viewBox=\"0 0 420.08 72.36\"><path d=\"m38.04 0 10.58 25.44 27.46 2.2-20.92 17.92 6.39 26.8L38.04 58 14.53 72.36l6.39-26.8L0 27.64l27.46-2.2L38.04 0Zm86 0 10.58 25.44 27.46 2.2-20.92 17.92 6.39 26.8L124.04 58l-23.51 14.36 6.39-26.8L86 27.64l27.46-2.2L124.04 0Zm86 0 10.58 25.44 27.46 2.2-20.92 17.92 6.39 26.8L210.04 58l-23.51 14.36 6.39-26.8L172 27.64l27.46-2.2L210.04 0Zm86 0 10.58 25.44 27.46 2.2-20.92 17.92 6.39 26.8L296.04 58l-23.51 14.36 6.39-26.8L258 27.64l27.46-2.2L296.04 0Zm86 0 10.58 25.44 27.46 2.2-20.92 17.92 6.39 26.8L382.04 58l-23.51 14.36 6.39-26.8L344 27.64l27.46-2.2L382.04 0Z\"><\/path><\/svg><\/span><span class=\"gb-text\">\u201cHe obtenido un pr\u00e9stamo personal para un proyecto importante. El proceso fue claro, las condiciones muy competitivas y el seguimiento al cliente impecable. Siempre estuve informado, lo que hizo que todo el proceso fuera muy tranquilizador.\u201d<\/span><\/p>\n\n\n\n<div class=\"gb-element-5720c77b\">\n<div>\n<img loading=\"lazy\" decoding=\"async\" width=\"896\" height=\"1280\" class=\"gb-media-58d3c2f6\" src=\"https:\/\/flimahout.com\/es\/wp-content\/uploads\/sites\/2\/2025\/05\/claire-flimahout.jpg\" title=\"claire-flimahout\" alt=\"\" srcset=\"https:\/\/flimahout.com\/es\/wp-content\/uploads\/sites\/2\/2025\/05\/claire-flimahout.jpg 896w, https:\/\/flimahout.com\/es\/wp-content\/uploads\/sites\/2\/2025\/05\/claire-flimahout-210x300.jpg 210w, https:\/\/flimahout.com\/es\/wp-content\/uploads\/sites\/2\/2025\/05\/claire-flimahout-717x1024.jpg 717w, https:\/\/flimahout.com\/es\/wp-content\/uploads\/sites\/2\/2025\/05\/claire-flimahout-768x1097.jpg 768w\" sizes=\"auto, (max-width: 896px) 100vw, 896px\" \/>\n<\/div>\n\n\n\n<div>\n<p class=\"gb-text gbp-section__text--sm gb-text-08f619f5\">Claire Dubois<\/p>\n\n\n\n<p class=\"gb-text gbp-section__text--sm gb-text-1fd01fe2\">Enfermera<\/p>\n<\/div>\n<\/div>\n<\/div>\n\n\n\n<div class=\"gbp--border-radius gb-element-93f11647\">\n<p class=\"gb-text-231a7625\"><span class=\"gb-shape\"><svg xmlns=\"http:\/\/www.w3.org\/2000\/svg\" viewBox=\"0 0 420.08 72.36\"><path d=\"m38.04 0 10.58 25.44 27.46 2.2-20.92 17.92 6.39 26.8L38.04 58 14.53 72.36l6.39-26.8L0 27.64l27.46-2.2L38.04 0Zm86 0 10.58 25.44 27.46 2.2-20.92 17.92 6.39 26.8L124.04 58l-23.51 14.36 6.39-26.8L86 27.64l27.46-2.2L124.04 0Zm86 0 10.58 25.44 27.46 2.2-20.92 17.92 6.39 26.8L210.04 58l-23.51 14.36 6.39-26.8L172 27.64l27.46-2.2L210.04 0Zm86 0 10.58 25.44 27.46 2.2-20.92 17.92 6.39 26.8L296.04 58l-23.51 14.36 6.39-26.8L258 27.64l27.46-2.2L296.04 0Zm86 0 10.58 25.44 27.46 2.2-20.92 17.92 6.39 26.8L382.04 58l-23.51 14.36 6.39-26.8L344 27.64l27.46-2.2L382.04 0Z\"><\/path><\/svg><\/span><span class=\"gb-text\">\u201cComo consultor independiente, necesitaba un financiamiento r\u00e1pido y flexible. FLIMAHOUT supo adaptarse a mi situaci\u00f3n particular, con un servicio al cliente atento y una respuesta muy r\u00e1pida. Una experiencia muy positiva que recomiendo.\u201d<\/span><\/p>\n\n\n\n<div class=\"gb-element-a29aa8dc\">\n<div>\n<img loading=\"lazy\" decoding=\"async\" width=\"857\" height=\"1280\" class=\"gb-media-63a3841b\" src=\"https:\/\/flimahout.com\/es\/wp-content\/uploads\/sites\/2\/2025\/05\/julien-flimahout.jpg\" title=\"julien-flimahout\" alt=\"\" srcset=\"https:\/\/flimahout.com\/es\/wp-content\/uploads\/sites\/2\/2025\/05\/julien-flimahout.jpg 857w, https:\/\/flimahout.com\/es\/wp-content\/uploads\/sites\/2\/2025\/05\/julien-flimahout-201x300.jpg 201w, https:\/\/flimahout.com\/es\/wp-content\/uploads\/sites\/2\/2025\/05\/julien-flimahout-686x1024.jpg 686w, https:\/\/flimahout.com\/es\/wp-content\/uploads\/sites\/2\/2025\/05\/julien-flimahout-768x1147.jpg 768w\" sizes=\"auto, (max-width: 857px) 100vw, 857px\" \/>\n<\/div>\n\n\n\n<div>\n<p class=\"gb-text gbp-section__text--sm gb-text-e75e8ba4\">Julien Lef\u00e8vre<\/p>\n\n\n\n<p class=\"gb-text gbp-section__text--sm gb-text-fe0dab0e\">Consultor<\/p>\n<\/div>\n<\/div>\n<\/div>\n\n\n\n<div class=\"gbp--border-radius gb-element-54661b34\">\n<p class=\"gb-text-4ef7f9b8\"><span class=\"gb-shape\"><svg xmlns=\"http:\/\/www.w3.org\/2000\/svg\" viewBox=\"0 0 420.08 72.36\"><path d=\"m38.04 0 10.58 25.44 27.46 2.2-20.92 17.92 6.39 26.8L38.04 58 14.53 72.36l6.39-26.8L0 27.64l27.46-2.2L38.04 0Zm86 0 10.58 25.44 27.46 2.2-20.92 17.92 6.39 26.8L124.04 58l-23.51 14.36 6.39-26.8L86 27.64l27.46-2.2L124.04 0Zm86 0 10.58 25.44 27.46 2.2-20.92 17.92 6.39 26.8L210.04 58l-23.51 14.36 6.39-26.8L172 27.64l27.46-2.2L210.04 0Zm86 0 10.58 25.44 27.46 2.2-20.92 17.92 6.39 26.8L296.04 58l-23.51 14.36 6.39-26.8L258 27.64l27.46-2.2L296.04 0Zm86 0 10.58 25.44 27.46 2.2-20.92 17.92 6.39 26.8L382.04 58l-23.51 14.36 6.39-26.8L344 27.64l27.46-2.2L382.04 0Z\"><\/path><\/svg><\/span><span class=\"gb-text\">\u201cLa reunificaci\u00f3n de cr\u00e9ditos fue un verdadero respiro para mi presupuesto. El equipo me ayud\u00f3 a entender todas las opciones y simplific\u00f3 los tr\u00e1mites administrativos. Resultado: mis cuotas mensuales son mucho m\u00e1s ligeras y recuper\u00e9 un mejor control de mis finanzas.\u201d<\/span><\/p>\n\n\n\n<div class=\"gb-element-9cafff1e\">\n<div>\n<img loading=\"lazy\" decoding=\"async\" width=\"1280\" height=\"853\" class=\"gb-media-eba6df24\" src=\"https:\/\/flimahout.com\/es\/wp-content\/uploads\/sites\/2\/2025\/05\/ahmed-flimahout.jpg\" title=\"ahmed-flimahout\" alt=\"\" srcset=\"https:\/\/flimahout.com\/es\/wp-content\/uploads\/sites\/2\/2025\/05\/ahmed-flimahout.jpg 1280w, https:\/\/flimahout.com\/es\/wp-content\/uploads\/sites\/2\/2025\/05\/ahmed-flimahout-300x200.jpg 300w, https:\/\/flimahout.com\/es\/wp-content\/uploads\/sites\/2\/2025\/05\/ahmed-flimahout-1024x682.jpg 1024w, https:\/\/flimahout.com\/es\/wp-content\/uploads\/sites\/2\/2025\/05\/ahmed-flimahout-768x512.jpg 768w\" sizes=\"auto, (max-width: 1280px) 100vw, 1280px\" \/>\n<\/div>\n\n\n\n<div>\n<p class=\"gb-text gbp-section__text--sm gb-text-69656d98\">Ahmed Ben Ali<\/p>\n\n\n\n<p class=\"gb-text gbp-section__text--sm gb-text-9615f75e\">Profesor<\/p>\n<\/div>\n<\/div>\n<\/div>\n\n\n\n<div class=\"gbp--border-radius gb-element-f415c9b7\">\n<p class=\"gb-text-5f68fc4d\"><span class=\"gb-shape\"><svg xmlns=\"http:\/\/www.w3.org\/2000\/svg\" viewBox=\"0 0 420.08 72.36\"><path d=\"m38.04 0 10.58 25.44 27.46 2.2-20.92 17.92 6.39 26.8L38.04 58 14.53 72.36l6.39-26.8L0 27.64l27.46-2.2L38.04 0Zm86 0 10.58 25.44 27.46 2.2-20.92 17.92 6.39 26.8L124.04 58l-23.51 14.36 6.39-26.8L86 27.64l27.46-2.2L124.04 0Zm86 0 10.58 25.44 27.46 2.2-20.92 17.92 6.39 26.8L210.04 58l-23.51 14.36 6.39-26.8L172 27.64l27.46-2.2L210.04 0Zm86 0 10.58 25.44 27.46 2.2-20.92 17.92 6.39 26.8L296.04 58l-23.51 14.36 6.39-26.8L258 27.64l27.46-2.2L296.04 0Zm86 0 10.58 25.44 27.46 2.2-20.92 17.92 6.39 26.8L382.04 58l-23.51 14.36 6.39-26.8L344 27.64l27.46-2.2L382.04 0Z\"><\/path><\/svg><\/span><span class=\"gb-text\">\u201cRecurr\u00ed a FLIMAHOUT para financiar mis trabajos de renovaci\u00f3n. Desde el principio, el acompa\u00f1amiento fue muy profesional: los asesores se tomaron el tiempo para explicar cada etapa y el expediente se gestion\u00f3 r\u00e1pidamente. Realmente me facilit\u00f3 la vida. Lo recomiendo sin dudar.\u201d<\/span><\/p>\n\n\n\n<div class=\"gb-element-ab757b9b\">\n<div>\n<img loading=\"lazy\" decoding=\"async\" width=\"853\" height=\"1280\" class=\"gb-media-75d5ab37\" src=\"https:\/\/flimahout.com\/es\/wp-content\/uploads\/sites\/2\/2025\/05\/sophie-flimahout.jpg\" title=\"sophie-flimahout\" alt=\"\" srcset=\"https:\/\/flimahout.com\/es\/wp-content\/uploads\/sites\/2\/2025\/05\/sophie-flimahout.jpg 853w, https:\/\/flimahout.com\/es\/wp-content\/uploads\/sites\/2\/2025\/05\/sophie-flimahout-200x300.jpg 200w, https:\/\/flimahout.com\/es\/wp-content\/uploads\/sites\/2\/2025\/05\/sophie-flimahout-682x1024.jpg 682w, https:\/\/flimahout.com\/es\/wp-content\/uploads\/sites\/2\/2025\/05\/sophie-flimahout-768x1152.jpg 768w\" sizes=\"auto, (max-width: 853px) 100vw, 853px\" \/>\n<\/div>\n\n\n\n<div>\n<p class=\"gb-text gbp-section__text--sm gb-text-c4e63d7e\">Sophie Martin<\/p>\n\n\n\n<p class=\"gb-text gbp-section__text--sm gb-text-32c64257\">Arquitecto<\/p>\n<\/div>\n<\/div>\n<\/div>\n\n\n\n<div class=\"gbp--border-radius gb-element-c6820af0\">\n<p class=\"gb-text-c356d783\"><span class=\"gb-shape\"><svg xmlns=\"http:\/\/www.w3.org\/2000\/svg\" viewBox=\"0 0 420.08 72.36\"><path d=\"m38.04 0 10.58 25.44 27.46 2.2-20.92 17.92 6.39 26.8L38.04 58 14.53 72.36l6.39-26.8L0 27.64l27.46-2.2L38.04 0Zm86 0 10.58 25.44 27.46 2.2-20.92 17.92 6.39 26.8L124.04 58l-23.51 14.36 6.39-26.8L86 27.64l27.46-2.2L124.04 0Zm86 0 10.58 25.44 27.46 2.2-20.92 17.92 6.39 26.8L210.04 58l-23.51 14.36 6.39-26.8L172 27.64l27.46-2.2L210.04 0Zm86 0 10.58 25.44 27.46 2.2-20.92 17.92 6.39 26.8L296.04 58l-23.51 14.36 6.39-26.8L258 27.64l27.46-2.2L296.04 0Zm86 0 10.58 25.44 27.46 2.2-20.92 17.92 6.39 26.8L382.04 58l-23.51 14.36 6.39-26.8L344 27.64l27.46-2.2L382.04 0Z\"><\/path><\/svg><\/span><span class=\"gb-text\">\u201cMe sent\u00eda un poco perdido ante todas las ofertas de pr\u00e9stamos en el mercado, pero el equipo de FLIMAHOUT supo guiarme con transparencia y profesionalismo. El proceso es simple, r\u00e1pido, y las condiciones son ventajosas. Estoy muy satisfecho con el servicio recibido.\u201d<\/span><\/p>\n\n\n\n<div class=\"gb-element-d0604939\">\n<div>\n<img loading=\"lazy\" decoding=\"async\" width=\"906\" height=\"1280\" class=\"gb-media-e91a6eb6\" src=\"https:\/\/flimahout.com\/es\/wp-content\/uploads\/sites\/2\/2025\/05\/isabelle-flimahout.jpg\" title=\"isabelle-flimahout\" alt=\"\" srcset=\"https:\/\/flimahout.com\/es\/wp-content\/uploads\/sites\/2\/2025\/05\/isabelle-flimahout.jpg 906w, https:\/\/flimahout.com\/es\/wp-content\/uploads\/sites\/2\/2025\/05\/isabelle-flimahout-212x300.jpg 212w, https:\/\/flimahout.com\/es\/wp-content\/uploads\/sites\/2\/2025\/05\/isabelle-flimahout-725x1024.jpg 725w, https:\/\/flimahout.com\/es\/wp-content\/uploads\/sites\/2\/2025\/05\/isabelle-flimahout-768x1085.jpg 768w\" sizes=\"auto, (max-width: 906px) 100vw, 906px\" \/>\n<\/div>\n\n\n\n<div>\n<p class=\"gb-text gbp-section__text--sm gb-text-981b5853\">Isabelle Garnier<\/p>\n\n\n\n<p class=\"gb-text gbp-section__text--sm gb-text-0fc38bdd\">Ejecutivo administrativo<\/p>\n<\/div>\n<\/div>\n<\/div>\n\n\n\n<div class=\"gbp--border-radius gb-element-48a5ffc8\">\n<p class=\"gb-text-341008e7\"><span class=\"gb-shape\"><svg xmlns=\"http:\/\/www.w3.org\/2000\/svg\" viewBox=\"0 0 420.08 72.36\"><path d=\"m38.04 0 10.58 25.44 27.46 2.2-20.92 17.92 6.39 26.8L38.04 58 14.53 72.36l6.39-26.8L0 27.64l27.46-2.2L38.04 0Zm86 0 10.58 25.44 27.46 2.2-20.92 17.92 6.39 26.8L124.04 58l-23.51 14.36 6.39-26.8L86 27.64l27.46-2.2L124.04 0Zm86 0 10.58 25.44 27.46 2.2-20.92 17.92 6.39 26.8L210.04 58l-23.51 14.36 6.39-26.8L172 27.64l27.46-2.2L210.04 0Zm86 0 10.58 25.44 27.46 2.2-20.92 17.92 6.39 26.8L296.04 58l-23.51 14.36 6.39-26.8L258 27.64l27.46-2.2L296.04 0Zm86 0 10.58 25.44 27.46 2.2-20.92 17.92 6.39 26.8L382.04 58l-23.51 14.36 6.39-26.8L344 27.64l27.46-2.2L382.04 0Z\"><\/path><\/svg><\/span><span class=\"gb-text\">\u201cEl pr\u00e9stamo para autom\u00f3vil que contrat\u00e9 con FLIMAHOUT cumpli\u00f3 perfectamente con mis expectativas. El equipo estuvo disponible para responder todas mis preguntas, y el financiamiento se gestion\u00f3 r\u00e1pidamente, sin complicaciones. Un verdadero socio de confianza.\u201d<\/span><\/p>\n\n\n\n<div class=\"gb-element-91df6390\">\n<div>\n<img loading=\"lazy\" decoding=\"async\" width=\"854\" height=\"1280\" class=\"gb-media-b1734189\" src=\"https:\/\/flimahout.com\/es\/wp-content\/uploads\/sites\/2\/2025\/05\/marc-flimahout.jpg\" title=\"marc-flimahout\" alt=\"\" srcset=\"https:\/\/flimahout.com\/es\/wp-content\/uploads\/sites\/2\/2025\/05\/marc-flimahout.jpg 854w, https:\/\/flimahout.com\/es\/wp-content\/uploads\/sites\/2\/2025\/05\/marc-flimahout-200x300.jpg 200w, https:\/\/flimahout.com\/es\/wp-content\/uploads\/sites\/2\/2025\/05\/marc-flimahout-683x1024.jpg 683w, https:\/\/flimahout.com\/es\/wp-content\/uploads\/sites\/2\/2025\/05\/marc-flimahout-768x1151.jpg 768w\" sizes=\"auto, (max-width: 854px) 100vw, 854px\" \/>\n<\/div>\n\n\n\n<div>\n<p class=\"gb-text gbp-section__text--sm gb-text-bb3107e6\">Marc Dupuis<\/p>\n\n\n\n<p class=\"gb-text gbp-section__text--sm gb-text-52d37cf4\">Comercial<\/p>\n<\/div>\n<\/div>\n<\/div>\n<\/div>\n<\/div>\n<\/div>\n\n\n\n<div class=\"gbp-section gb-element-599e0305\">\n<div class=\"gbp-section__inner gb-element-d73f6bbb\">\n<div class=\"gb-element-dbce1e1c\">\n<div class=\"gb-element-7ff06e4a\" style=\"--inline-bg-image: url(https:\/\/flimahout.com\/es\/wp-content\/uploads\/sites\/2\/2025\/01\/image-1-1.png)\"><\/div>\n\n\n\n<div class=\"gb-element-468b0a87\">\n<h2 class=\"gb-text gb-text-d3cb9573\"><strong>Estamos listos para acompa\u00f1arle en sus proyectos<\/strong><\/h2>\n\n\n\n<p class=\"gb-text gb-text-744efd86\">Haga su solicitud ahora y obtenga una respuesta r\u00e1pida y personalizada. Juntos, hagamos realidad sus proyectos: vivienda, veh\u00edculo, liquidez o reunificaci\u00f3n de deudas\u2026 Nuestro equipo est\u00e1 listo para acompa\u00f1arle desde hoy.<br><a href=\"https:\/\/flimahout.com\/es\/contact\"><\/a><\/p>\n\n\n\n<a class=\"gb-text gbp-button--secondary gb-text-fb9cfed2\" href=\"\/es\/contact\">Solicitar un pr\u00e9stamo<\/a>\n\n\n\n<div class=\"gbp--border-radius gb-element-113c301d\">\n<span class=\"gb-shape gb-shape-a8f45d3c\"><svg aria-hidden=\"true\" height=\"1em\" width=\"1em\" viewBox=\"0 0 512 512\" xmlns=\"http:\/\/www.w3.org\/2000\/svg\"><path fill=\"currentColor\" d=\"M464 64H48C21.49 64 0 85.49 0 112v288c0 26.51 21.49 48 48 48h416c26.51 0 48-21.49 48-48V112c0-26.51-21.49-48-48-48zm0 48v40.805c-22.422 18.259-58.168 46.651-134.587 106.49-16.841 13.247-50.201 45.072-73.413 44.701-23.208.375-56.579-31.459-73.413-44.701C106.18 199.465 70.425 171.067 48 152.805V112h416zM48 400V214.398c22.914 18.251 55.409 43.862 104.938 82.646 21.857 17.205 60.134 55.186 103.062 54.955 42.717.231 80.509-37.199 103.053-54.947 49.528-38.783 82.032-64.401 104.947-82.653V400H48z\"><\/path><\/svg><\/span>\n\n\n\n<div>\n<p class=\"gb-text gbp-section__text--lg gb-text-37599207\">Email<\/p>\n\n\n\n<h3 class=\"gb-text gb-text-a77f781b\">contact@flimahout.com<\/h3>\n<\/div>\n<\/div>\n<\/div>\n<\/div>\n<\/div>\n<\/div>\n","protected":false},"excerpt":{"rendered":"<p>Un modelo humano y fiable, al servicio de sus proyectos El pr\u00e9stamo entre particulares, regulado y seguro, respaldado por la confianza de miles de clientes. Desde hace varios a\u00f1os, facilitamos el contacto entre prestatarios y prestamistas particulares a trav\u00e9s de un enfoque responsable, transparente y accesible. Este modelo alternativo al cr\u00e9dito bancario tradicional se basa &#8230; <a title=\"SOBRE NOSOTROS\" class=\"read-more\" href=\"https:\/\/flimahout.com\/es\/sobre-nosotros\/\" aria-label=\"Leer m\u00e1s sobre SOBRE NOSOTROS\">Leer m\u00e1s<\/a><\/p>\n","protected":false},"author":1,"featured_media":0,"parent":0,"menu_order":0,"comment_status":"closed","ping_status":"closed","template":"","meta":{"_glsr_average":0,"_glsr_ranking":0,"_glsr_reviews":0,"footnotes":""},"class_list":["post-44541","page","type-page","status-publish"],"_links":{"self":[{"href":"https:\/\/flimahout.com\/es\/wp-json\/wp\/v2\/pages\/44541","targetHints":{"allow":["GET"]}}],"collection":[{"href":"https:\/\/flimahout.com\/es\/wp-json\/wp\/v2\/pages"}],"about":[{"href":"https:\/\/flimahout.com\/es\/wp-json\/wp\/v2\/types\/page"}],"author":[{"embeddable":true,"href":"https:\/\/flimahout.com\/es\/wp-json\/wp\/v2\/users\/1"}],"replies":[{"embeddable":true,"href":"https:\/\/flimahout.com\/es\/wp-json\/wp\/v2\/comments?post=44541"}],"version-history":[{"count":21,"href":"https:\/\/flimahout.com\/es\/wp-json\/wp\/v2\/pages\/44541\/revisions"}],"predecessor-version":[{"id":47282,"href":"https:\/\/flimahout.com\/es\/wp-json\/wp\/v2\/pages\/44541\/revisions\/47282"}],"wp:attachment":[{"href":"https:\/\/flimahout.com\/es\/wp-json\/wp\/v2\/media?parent=44541"}],"curies":[{"name":"wp","href":"https:\/\/api.w.org\/{rel}","templated":true}]}}