{"id":47139,"date":"2025-05-20T12:56:19","date_gmt":"2025-05-20T12:56:19","guid":{"rendered":"https:\/\/flimahout.com\/es\/?page_id=47139"},"modified":"2025-05-23T11:57:26","modified_gmt":"2025-05-23T11:57:26","slug":"opiniones","status":"publish","type":"page","link":"https:\/\/flimahout.com\/es\/opiniones\/","title":{"rendered":"Opiniones"},"content":{"rendered":"\n<div class=\"wp-block-columns is-layout-flex wp-container-core-columns-is-layout-9d6595d7 wp-block-columns-is-layout-flex\">\n<div class=\"wp-block-column is-layout-flow wp-block-column-is-layout-flow\">\n<h2 class=\"gb-text\">Ellos confiaron en nosotros, ahora le toca a usted formarse su propia opini\u00f3n.<\/h2>\n\n\n\n<p class=\"gb-text\">Descubra lo que nuestros clientes dicen sobre su experiencia con FLIMAHOUT. Transparencia, eficacia, acompa\u00f1amiento: sus testimonios reflejan nuestro compromiso diario. \u00bfYa ha utilizado nuestros servicios? Comparta su opini\u00f3n y ayude a otras personas a tomar una decisi\u00f3n informada.<\/p>\n<\/div>\n\n\n\n<div class=\"wp-block-column is-layout-flow wp-block-column-is-layout-flow\"><div class=\"glsr glsr-default\" id=\"glsr_46dbffab\" data-from=\"shortcode\" data-shortcode=\"site_reviews_form\"><div class=\"glsr-form-wrap\">\n    <form class=\"glsr-review-form glsr-form\" method=\"post\" enctype=\"multipart\/form-data\">\n        <input type=\"hidden\" name=\"site-reviews[_action]\" value=\"submit-review\" \/>\n<input type=\"hidden\" name=\"site-reviews[_nonce]\" value=\"18ddb2d3a1\" \/>\n<input type=\"hidden\" name=\"site-reviews[_post_id]\" value=\"47139\" \/>\n<input type=\"hidden\" name=\"site-reviews[_referer]\" value=\"\" \/>\n<input type=\"hidden\" name=\"site-reviews[assigned_posts]\" value=\"\" \/>\n<input type=\"hidden\" name=\"site-reviews[assigned_terms]\" value=\"\" \/>\n<input type=\"hidden\" name=\"site-reviews[assigned_users]\" value=\"\" \/>\n<input type=\"hidden\" name=\"site-reviews[excluded]\" value=\"\" \/>\n<input type=\"hidden\" name=\"site-reviews[form_id]\" value=\"glsr_46dbffab\" \/>\n<input type=\"hidden\" name=\"site-reviews[terms_exist]\" value=\"1\" \/>\n<input type=\"hidden\" name=\"site-reviews[form_signature]\" value=\"KXFm3lDb1o6BEyy99kjJ1RR-eCAefXJ4IWWwfnzPbpfzRmfPuaovsQLf6K782ifpnIeCrJkOdyw6Xfdk18QItL5CKOrnReHF_tfBnYCMqtlIr7nG1Wqz9I8G8xfo4FV7ZBcWdWAgQ9gJ4ITzFMji-O4uch0MZfclXwSQGhlFduu0Q5e2WLuS4fP1TiHrFi9H_3lFTdbbYT5DXp59zQe0A--USiqA5nLYZ_2A3dwGhE-zwDlJ6P56XRQ0Xc1wBA83v8a3JK-J4UJccE0tsSCh5861KFHAjEocNzUA8L_N1Kt92RxIOpp6gLXUduISSgfjY7Jw0eqFJTjaVUrPRQn2NAq0NVsiCxrXryzCh4QOu_rRpjbYCe3D7ugcT3f1yWhSFM9mnuU6zhbQclPyVyr14jRK78LS\" \/>\n<div class=\"glsr-field\" style=\"display:none;\"><label for=\"site-reviews-b328944f-glsr_46dbffab\">Su rese\u00f1a<\/label><input type=\"text\" class=\"glsr-input glsr-input-text\" id=\"site-reviews-b328944f-glsr_46dbffab\" name=\"site-reviews[b328944f]\" value=\"\" \/><\/div>\n<div class=\"glsr-field glsr-field-rating glsr-required\" data-field=\"rating\">\n    <label class=\"glsr-label\" for=\"glsr_46dbffab-rating\">\n    <span>Su valoraci\u00f3n general<\/span>\n<\/label>\n    <select class=\"browser-default disable-select no_wrap no-wrap glsr-select\" id=\"glsr_46dbffab-rating\" name=\"site-reviews[rating]\" required><option value=\"\">Seleccionar una puntuaci\u00f3n<\/option><option value=\"5\">5 estrellas<\/option><option value=\"4\">4 estrellas<\/option><option value=\"3\">3 estrellas<\/option><option value=\"2\">2 estrellas<\/option><option value=\"1\">1 estrella<\/option><\/select>\n    <div class=\"glsr-field-error\"><\/div>\n<\/div>\n<div class=\"glsr-field glsr-field-text glsr-required\" data-field=\"title\">\n    <label class=\"glsr-label\" for=\"glsr_46dbffab-title\">\n    <span>T\u00edtulo de su rese\u00f1a<\/span>\n<\/label>\n    <input type=\"text\" class=\"glsr-input glsr-input-text\" id=\"glsr_46dbffab-title\" name=\"site-reviews[title]\" required placeholder=\"Resuma su rese\u00f1a o destaque un detalle interesante\" value=\"\" \/>\n    <div class=\"glsr-field-error\"><\/div>\n<\/div>\n<div class=\"glsr-field glsr-field-textarea glsr-required\" data-field=\"content\">\n    <label class=\"glsr-label\" for=\"glsr_46dbffab-content\">\n    <span>Su rese\u00f1a<\/span>\n<\/label>\n    <textarea class=\"glsr-textarea\" id=\"glsr_46dbffab-content\" name=\"site-reviews[content]\" required placeholder=\"Cuente a las personas su rese\u00f1a\" rows=\"5\"><\/textarea>\n    <div class=\"glsr-field-error\"><\/div>\n<\/div>\n<div class=\"glsr-field glsr-field-text glsr-required\" data-field=\"name\">\n    <label class=\"glsr-label\" for=\"glsr_46dbffab-name\">\n    <span>Su nombre<\/span>\n<\/label>\n    <input type=\"text\" class=\"glsr-input glsr-input-text\" id=\"glsr_46dbffab-name\" name=\"site-reviews[name]\" required placeholder=\"D\u00edganos su nombre\" value=\"\" \/>\n    <div class=\"glsr-field-error\"><\/div>\n<\/div>\n<div class=\"glsr-field glsr-field-email glsr-required\" data-field=\"email\">\n    <label class=\"glsr-label\" for=\"glsr_46dbffab-email\">\n    <span>Su correo electr\u00f3nico<\/span>\n<\/label>\n    <input type=\"email\" class=\"glsr-input glsr-input-email\" id=\"glsr_46dbffab-email\" name=\"site-reviews[email]\" required placeholder=\"D\u00edganos su correo electr\u00f3nico\" value=\"\" \/>\n    <div class=\"glsr-field-error\"><\/div>\n<\/div>\n<div class=\"glsr-field glsr-field-choice glsr-required\" data-field=\"terms\">\n    \n    <span class=\"glsr-field-toggle\">\n    <span class=\"glsr-toggle\">\n        <label for=\"glsr_46dbffab-terms-1\">Esta rese\u00f1a se basa en mi propia experiencia y representa mi opini\u00f3n sincera.<\/label>\n        <span class=\"glsr-toggle-switch\">\n            <input type=\"checkbox\" class=\"glsr-input-toggle\" id=\"glsr_46dbffab-terms-1\" name=\"site-reviews[terms]\" required value=\"1\" \/> &#8203; <!-- zero-space character used for alignment -->\n            <span class=\"glsr-toggle-track\"><\/span>\n        <\/span>\n    <\/span>\n<\/span>\n    <div class=\"glsr-field-error\"><\/div>\n<\/div>\n        <div class=\"glsr-form-message\">\n    \n<\/div>\n        <div data-field=\"submit-button\">\n    <div class=\"wp-block-button\">\n        <button type=\"submit\" class=\"glsr-button wp-block-button__link\" aria-busy=\"false\" data-loading=\"Enviando, por favor espera...\">Enviar rese\u00f1a<\/button>\n    <\/div>\n<\/div>\n    <\/form>\n<\/div><\/div>\n<\/div>\n<\/div>\n\n\n\n<div style=\"height:76px\" aria-hidden=\"true\" class=\"wp-block-spacer\"><\/div>\n\n\n<div class=\"glsr glsr-default\" id=\"glsr_a77bc212\" data-from=\"shortcode\" data-shortcode=\"site_reviews\"><div class=\"glsr-reviews-wrap\">\n    <div class=\"glsr-reviews\">\n        <div class=\"glsr-review\" data-type=\"local\" id=\"review-47129\" data-assigned='[]'>\n    <div class=\"glsr-review-title\"><h4 class=\"glsr-tag-value\">Muy tranquilizador<\/h4><\/div>\n    <div class=\"glsr-review-rating\"><div class=\"glsr-star-rating glsr-stars\" role=\"img\" aria-label=\"Valorado con 5 de 5 estrellas\" data-rating=\"5\" data-reviews=\"0\"><span class=\"glsr-star glsr-star-full\" aria-hidden=\"true\"><\/span><span class=\"glsr-star glsr-star-full\" aria-hidden=\"true\"><\/span><span class=\"glsr-star glsr-star-full\" aria-hidden=\"true\"><\/span><span class=\"glsr-star glsr-star-full\" aria-hidden=\"true\"><\/span><span class=\"glsr-star glsr-star-full\" aria-hidden=\"true\"><\/span><\/div><\/div> <div class=\"glsr-review-date\"><span class=\"glsr-tag-value\">febrero 16, 2025<\/span><\/div>\n    \n    <div class=\"glsr-review-content\"><div class=\"glsr-tag-value\" data-expanded=\"false\"><p>Obtuve un pr\u00e9stamo personal para un proyecto importante. El procedimiento fue claro, las condiciones muy competitivas y el seguimiento al cliente impecable. Siempre estuve informado, lo que hizo que todo el proceso fuera muy tranquilizador.<\/p><\/div><\/div>\n    <div class=\"glsr-review-avatar\"><img decoding=\"async\" style=\"width:40px; height:40px;\" alt=\"Avatar para Claire\" height=\"80\" loading=\"lazy\" src=\"https:\/\/flimahout.com\/es\/wp-content\/uploads\/sites\/2\/site-reviews\/avatars\/CL.svg\" width=\"80\" \/><\/div> <div class=\"glsr-review-author\"><span class=\"glsr-tag-value\">Claire<\/span><\/div> \n    \n<\/div>\n<div class=\"glsr-review\" data-type=\"local\" id=\"review-47145\" data-assigned='[]'>\n    <div class=\"glsr-review-title\"><h4 class=\"glsr-tag-value\">Lo recomiendo<\/h4><\/div>\n    <div class=\"glsr-review-rating\"><div class=\"glsr-star-rating glsr-stars\" role=\"img\" aria-label=\"Valorado con 5 de 5 estrellas\" data-rating=\"5\" data-reviews=\"0\"><span class=\"glsr-star glsr-star-full\" aria-hidden=\"true\"><\/span><span class=\"glsr-star glsr-star-full\" aria-hidden=\"true\"><\/span><span class=\"glsr-star glsr-star-full\" aria-hidden=\"true\"><\/span><span class=\"glsr-star glsr-star-full\" aria-hidden=\"true\"><\/span><span class=\"glsr-star glsr-star-full\" aria-hidden=\"true\"><\/span><\/div><\/div> <div class=\"glsr-review-date\"><span class=\"glsr-tag-value\">julio 20, 2024<\/span><\/div>\n    \n    <div class=\"glsr-review-content\"><div class=\"glsr-tag-value\" data-expanded=\"false\"><p>Recurr\u00ed a FLIMAHOUT para financiar mis obras de renovaci\u00f3n. Desde el principio, el acompa\u00f1amiento fue muy profesional: los asesores se tomaron el tiempo de explicar cada etapa, y el expediente fue tramitado r\u00e1pidamente. Realmente me facilit\u00f3 la vida. Lo recomiendo sin dudar.<\/p><\/div><\/div>\n    <div class=\"glsr-review-avatar\"><img decoding=\"async\" style=\"width:40px; height:40px;\" alt=\"Avatar para Sophie Martin\" height=\"80\" loading=\"lazy\" src=\"https:\/\/secure.gravatar.com\/avatar\/?s=80&amp;d=mm&amp;r=g\" width=\"80\" \/><\/div> <div class=\"glsr-review-author\"><span class=\"glsr-tag-value\">Sophie Martin<\/span><\/div> \n    \n<\/div>\n<div class=\"glsr-review\" data-type=\"local\" id=\"review-47143\" data-assigned='[]'>\n    <div class=\"glsr-review-title\"><h4 class=\"glsr-tag-value\">Experiencia positiva<\/h4><\/div>\n    <div class=\"glsr-review-rating\"><div class=\"glsr-star-rating glsr-stars\" role=\"img\" aria-label=\"Valorado con 5 de 5 estrellas\" data-rating=\"5\" data-reviews=\"0\"><span class=\"glsr-star glsr-star-full\" aria-hidden=\"true\"><\/span><span class=\"glsr-star glsr-star-full\" aria-hidden=\"true\"><\/span><span class=\"glsr-star glsr-star-full\" aria-hidden=\"true\"><\/span><span class=\"glsr-star glsr-star-full\" aria-hidden=\"true\"><\/span><span class=\"glsr-star glsr-star-full\" aria-hidden=\"true\"><\/span><\/div><\/div> <div class=\"glsr-review-date\"><span class=\"glsr-tag-value\">enero 5, 2023<\/span><\/div>\n    \n    <div class=\"glsr-review-content\"><div class=\"glsr-tag-value\" data-expanded=\"false\"><p>Como consultor independiente, necesitaba una financiaci\u00f3n r\u00e1pida y flexible. FLIMAHOUT supo adaptarse a mi situaci\u00f3n particular, con un servicio de atenci\u00f3n al cliente atento y una respuesta muy r\u00e1pida. Una experiencia muy positiva que recomiendo.<\/p><\/div><\/div>\n    <div class=\"glsr-review-avatar\"><img decoding=\"async\" style=\"width:40px; height:40px;\" alt=\"Avatar para Julien Lef\u00e8vre\" height=\"80\" loading=\"lazy\" src=\"https:\/\/secure.gravatar.com\/avatar\/?s=80&amp;d=mm&amp;r=g\" width=\"80\" \/><\/div> <div class=\"glsr-review-author\"><span class=\"glsr-tag-value\">Julien Lef\u00e8vre<\/span><\/div> \n    \n<\/div>\n    <\/div>\n    \n<\/div><\/div>\n","protected":false},"excerpt":{"rendered":"<p>Ellos confiaron en nosotros, ahora le toca a usted formarse su propia opini\u00f3n. Descubra lo que nuestros clientes dicen sobre su experiencia con FLIMAHOUT. Transparencia, eficacia, acompa\u00f1amiento: sus testimonios reflejan nuestro compromiso diario. \u00bfYa ha utilizado nuestros servicios? Comparta su opini\u00f3n y ayude a otras personas a tomar una decisi\u00f3n informada.<\/p>\n","protected":false},"author":1,"featured_media":0,"parent":0,"menu_order":0,"comment_status":"closed","ping_status":"closed","template":"","meta":{"_glsr_average":0,"_glsr_ranking":0,"_glsr_reviews":0,"footnotes":""},"class_list":["post-47139","page","type-page","status-publish"],"_links":{"self":[{"href":"https:\/\/flimahout.com\/es\/wp-json\/wp\/v2\/pages\/47139","targetHints":{"allow":["GET"]}}],"collection":[{"href":"https:\/\/flimahout.com\/es\/wp-json\/wp\/v2\/pages"}],"about":[{"href":"https:\/\/flimahout.com\/es\/wp-json\/wp\/v2\/types\/page"}],"author":[{"embeddable":true,"href":"https:\/\/flimahout.com\/es\/wp-json\/wp\/v2\/users\/1"}],"replies":[{"embeddable":true,"href":"https:\/\/flimahout.com\/es\/wp-json\/wp\/v2\/comments?post=47139"}],"version-history":[{"count":3,"href":"https:\/\/flimahout.com\/es\/wp-json\/wp\/v2\/pages\/47139\/revisions"}],"predecessor-version":[{"id":47287,"href":"https:\/\/flimahout.com\/es\/wp-json\/wp\/v2\/pages\/47139\/revisions\/47287"}],"wp:attachment":[{"href":"https:\/\/flimahout.com\/es\/wp-json\/wp\/v2\/media?parent=47139"}],"curies":[{"name":"wp","href":"https:\/\/api.w.org\/{rel}","templated":true}]}}