{"id":44541,"date":"2024-12-26T16:46:03","date_gmt":"2024-12-26T16:46:03","guid":{"rendered":"https:\/\/sites.generatepress.com\/service-2\/?page_id=44541"},"modified":"2025-05-23T17:42:11","modified_gmt":"2025-05-23T17:42:11","slug":"a-propos","status":"publish","type":"page","link":"https:\/\/flimahout.com\/fr\/a-propos\/","title":{"rendered":"A Propos"},"content":{"rendered":"\n<div class=\"gbp-section gb-element-5e026088\">\n<div class=\"gbp-section__inner gb-element-2dd7a015\">\n<div class=\"gb-element-c59a7f0e\">\n<div>\n<h1 class=\"gb-text\">Un mod\u00e8le humain et fiable, au service de vos projets<\/h1>\n\n\n\n<p class=\"gb-text gbp-section__text--lg\">Le pr\u00eat entre particuliers, encadr\u00e9 et s\u00e9curis\u00e9, port\u00e9 par la confiance de milliers de clients.<\/p>\n\n\n\n<p class=\"gb-text\">Depuis plusieurs ann\u00e9es, nous facilitons la mise en relation entre emprunteurs et pr\u00eateurs particuliers \u00e0 travers une approche responsable, transparente et accessible. Ce mod\u00e8le alternatif au cr\u00e9dit bancaire traditionnel repose sur la confiance, la clart\u00e9 des engagements et la s\u00e9curit\u00e9 des \u00e9changes. Forts de plus de 10 ans d&rsquo;exp\u00e9rience, de 70 000+ clients satisfaits, d&rsquo;une pr\u00e9sence dans 12 pays et de milliers d&rsquo;avis positifs, nous avons su b\u00e2tir un cadre fiable o\u00f9 chacun trouve sa place \u2014 en toute s\u00e9r\u00e9nit\u00e9.<\/p>\n\n\n\n<p class=\"gb-text\"><\/p>\n<\/div>\n\n\n\n<div class=\"gb-element-64f86f2d\">\n<img loading=\"lazy\" decoding=\"async\" width=\"1280\" height=\"853\" class=\"gbp--border-radius gb-media-59d18ec6\" src=\"https:\/\/flimahout.com\/fr\/wp-content\/uploads\/sites\/5\/2025\/05\/reviews-flimahout.jpg\" title=\"reviews-flimahout\" alt=\"\" srcset=\"https:\/\/flimahout.com\/fr\/wp-content\/uploads\/sites\/5\/2025\/05\/reviews-flimahout.jpg 1280w, https:\/\/flimahout.com\/fr\/wp-content\/uploads\/sites\/5\/2025\/05\/reviews-flimahout-300x200.jpg 300w, https:\/\/flimahout.com\/fr\/wp-content\/uploads\/sites\/5\/2025\/05\/reviews-flimahout-1024x682.jpg 1024w, https:\/\/flimahout.com\/fr\/wp-content\/uploads\/sites\/5\/2025\/05\/reviews-flimahout-768x512.jpg 768w\" sizes=\"auto, (max-width: 1280px) 100vw, 1280px\" \/>\n\n\n\n<div class=\"gbp--box-shadow gbp--border-radius gb-element-30481820\">\n<div class=\"gb-element-a679af6d\">\n<div class=\"gb-element-18ebed29\">\n<div class=\"gb-text gb-text-6d5bd774\">10<\/div>\n\n\n\n<p class=\"gb-text gb-text-12434072\">ans d\u00e9j\u00e0<\/p>\n<\/div>\n\n\n\n<div class=\"gb-element-d03c1480\">\n<div class=\"gb-text gb-text-51a3809c\">+70K<\/div>\n\n\n\n<p class=\"gb-text gb-text-c55dfaeb\">Avis positifs<\/p>\n<\/div>\n\n\n\n<div class=\"gb-element-29bd9786\">\n<div class=\"gb-text gb-text-1a424f81\">+2k<\/div>\n\n\n\n<p class=\"gb-text gb-text-9bf19742\">clients<\/p>\n<\/div>\n\n\n\n<div class=\"gb-element-c786505a\">\n<div class=\"gb-text gb-text-d3635e8f\">12<\/div>\n\n\n\n<p class=\"gb-text gb-text-5ec635a7\">pays couverts<\/p>\n<\/div>\n<\/div>\n<\/div>\n<\/div>\n<\/div>\n<\/div>\n<\/div>\n\n\n\n<div class=\"gbp-section gb-element-ebb36959\">\n<span class=\"gb-shape gb-shape-2003ce64 gb-shape--divider\"><svg preserveAspectRatio=\"none\" xmlns=\"http:\/\/www.w3.org\/2000\/svg\" viewBox=\"0 0 400 27\"><path d=\"M400 27H0v-.5h342.71c2.46 0 4.89-.57 7.1-1.66L400 0v27Z\"><\/path><\/svg><\/span>\n\n\n\n<div class=\"gbp-section__inner gb-element-c66b8b0a\">\n<div class=\"gb-element-bb9918f2\">\n<div>\n<p class=\"gb-text gbp-section__tagline\">A PROPOS<\/p>\n\n\n\n<h2 class=\"gb-text gb-text-4ebf339f\"><strong>Pr\u00eat entre particuliers : 5 points cl\u00e9s \u00e0 retenir<\/strong><\/h2>\n\n\n\n<img loading=\"lazy\" decoding=\"async\" width=\"1280\" height=\"853\" class=\"gbp--border-radius gb-media-a66cacbd\" src=\"https:\/\/flimahout.com\/fr\/wp-content\/uploads\/sites\/5\/2025\/05\/pret-particulier-flimahout.jpg\" title=\"pret-particulier-flimahout\" alt=\"\" srcset=\"https:\/\/flimahout.com\/fr\/wp-content\/uploads\/sites\/5\/2025\/05\/pret-particulier-flimahout.jpg 1280w, https:\/\/flimahout.com\/fr\/wp-content\/uploads\/sites\/5\/2025\/05\/pret-particulier-flimahout-300x200.jpg 300w, https:\/\/flimahout.com\/fr\/wp-content\/uploads\/sites\/5\/2025\/05\/pret-particulier-flimahout-1024x682.jpg 1024w, https:\/\/flimahout.com\/fr\/wp-content\/uploads\/sites\/5\/2025\/05\/pret-particulier-flimahout-768x512.jpg 768w\" sizes=\"auto, (max-width: 1280px) 100vw, 1280px\" \/>\n<\/div>\n\n\n\n<div>\n<div class=\"gb-element-3f8d6d30\">\n<div class=\"gb-element-bd9faa6c\">\n<span class=\"gb-shape gb-shape-ab4ab2bd\"><svg xmlns=\"http:\/\/www.w3.org\/2000\/svg\" width=\"32\" height=\"32\" viewBox=\"0 0 256 256\"><path d=\"M229.26,90.4a108,108,0,0,1-177.63,114A108,108,0,0,1,195.41,43.63l20.1-20.11a12,12,0,0,1,17,17l-96,96a12,12,0,1,1-17-17l24-24a36,36,0,1,0,19.76,39.65,12,12,0,0,1,23.53,4.74,60,60,0,1,1-25.73-62L178.3,60.74a84,84,0,1,0,28.46,38,12,12,0,1,1,22.5-8.35Z\"><\/path><\/svg><\/span>\n<\/div>\n\n\n\n<div>\n<h3 class=\"gb-text gb-text-1af50bbb\"><\/h3>\n\n\n\n<p class=\"gb-text gb-text-abe135af\">\u2714 Pour financer ses projets (achat auto, travaux dans son bien immobilier,&#8230;), le pr\u00eat entre particuliers est la r\u00e9ponse au besoin d\u2019argent urgent sans banque en plus simple.<\/p>\n\n\n\n<p><\/p>\n\n\n\n<p class=\"gb-text gb-text-c5b1a6cf\">\u2714 Le cr\u00e9dit entre particuliers est un pr\u00eat d&rsquo;argent \u00e9tabli entre 2 personnes physiques ou entre une personne physique et un investisseur professionnel via les plateformes collaboratives sp\u00e9cialis\u00e9es dans les pr\u00eats.<\/p>\n\n\n\n<p><\/p>\n\n\n\n<p class=\"gb-text gb-text-75151267\">\u2714 Accessible \u00e0 tout profil d\u2019emprunteur, le cr\u00e9dit entre particuliers est une alternative efficace au pr\u00eat bancaire traditionnel.<\/p>\n\n\n\n<p><\/p>\n\n\n\n<p class=\"gb-text gb-text-96ab85b0\">\u2714 Au-del\u00e0 d\u2019un certain montant emprunt\u00e9, il est n\u00e9cessaire d\u2019effectuer une d\u00e9claration aux imp\u00f4ts pour une demande de pr\u00eat entre particuliers. Selon le Code de la consommation, la d\u00e9claration de sommes d\u2019argent emprunt\u00e9es de particulier \u00e0 particulier impose aux 2 parties de d\u00e9clarer \u00e0 l&rsquo;administration fiscale tout pr\u00eat entre particuliers d\u2019un montant sup\u00e9rieur ou \u00e9gal \u00e0 5 000 euros.<\/p>\n\n\n\n<p><\/p>\n\n\n\n<p class=\"gb-text gb-text-63d97e40\">\u2714 En choisissant de faire confiance \u00e0 la plateforme digitale, l\u2019emprunteur obtient un cr\u00e9dit issu d&rsquo;un syst\u00e8me collaboratif avec les fonds issus des investisseurs professionnels.<\/p>\n<\/div>\n<\/div>\n<\/div>\n<\/div>\n<\/div>\n<\/div>\n\n\n\n<div class=\"gbp-section gb-element-9c5e885a\">\n<span class=\"gb-shape gb-shape-c988b288 gb-shape--divider\"><svg viewBox=\"0 0 400 27\" xmlns=\"http:\/\/www.w3.org\/2000\/svg\" preserveAspectRatio=\"none\"><path d=\"M400 27H0v-.5h342.71c2.46 0 4.89-.57 7.1-1.66L400 0v27Z\"><\/path><\/svg><\/span>\n<\/div>\n\n\n\n<div class=\"gbp-section gb-element-9dc94ed8\">\n<span class=\"gb-shape gb-shape-d126752a gb-shape--divider\"><svg viewBox=\"0 0 400 27\" xmlns=\"http:\/\/www.w3.org\/2000\/svg\" preserveAspectRatio=\"none\"><path d=\"M400 27H0v-.5h342.71c2.46 0 4.89-.57 7.1-1.66L400 0v27Z\"><\/path><\/svg><\/span>\n\n\n\n<div class=\"gbp-section__inner gb-element-724e816e\">\n<div class=\"gb-element-9ae576c0\">\n<h2 class=\"gb-text\">Ce qu\u2019ils disent de nous<\/h2>\n\n\n\n<p class=\"gb-text gbp-section__text--lg\">Des avis authentiques qui t\u00e9moignent de notre engagement et de la qualit\u00e9 de nos services.<\/p>\n<\/div>\n\n\n\n<div class=\"gb-element-6efa7afb\">\n<div class=\"gbp--border-radius gb-element-308f7af0\">\n<p class=\"gb-text-1a8b9f72\"><span class=\"gb-shape\"><svg xmlns=\"http:\/\/www.w3.org\/2000\/svg\" viewBox=\"0 0 420.08 72.36\"><path d=\"m38.04 0 10.58 25.44 27.46 2.2-20.92 17.92 6.39 26.8L38.04 58 14.53 72.36l6.39-26.8L0 27.64l27.46-2.2L38.04 0Zm86 0 10.58 25.44 27.46 2.2-20.92 17.92 6.39 26.8L124.04 58l-23.51 14.36 6.39-26.8L86 27.64l27.46-2.2L124.04 0Zm86 0 10.58 25.44 27.46 2.2-20.92 17.92 6.39 26.8L210.04 58l-23.51 14.36 6.39-26.8L172 27.64l27.46-2.2L210.04 0Zm86 0 10.58 25.44 27.46 2.2-20.92 17.92 6.39 26.8L296.04 58l-23.51 14.36 6.39-26.8L258 27.64l27.46-2.2L296.04 0Zm86 0 10.58 25.44 27.46 2.2-20.92 17.92 6.39 26.8L382.04 58l-23.51 14.36 6.39-26.8L344 27.64l27.46-2.2L382.04 0Z\"><\/path><\/svg><\/span><span class=\"gb-text\">\u00ab\u00a0J\u2019ai obtenu un pr\u00eat personnel pour un projet personnel important. La proc\u00e9dure \u00e9tait claire, les conditions tr\u00e8s comp\u00e9titives, et le suivi client irr\u00e9prochable. J\u2019ai toujours \u00e9t\u00e9 tenu inform\u00e9, ce qui a rendu l\u2019ensemble du processus tr\u00e8s rassurant.\u00a0\u00bb<\/span><\/p>\n\n\n\n<div class=\"gb-element-5720c77b\">\n<div>\n<img loading=\"lazy\" decoding=\"async\" width=\"896\" height=\"1280\" class=\"gb-media-58d3c2f6\" src=\"https:\/\/flimahout.com\/fr\/wp-content\/uploads\/sites\/5\/2025\/05\/claire-flimahout.jpg\" title=\"claire-flimahout\" alt=\"\" srcset=\"https:\/\/flimahout.com\/fr\/wp-content\/uploads\/sites\/5\/2025\/05\/claire-flimahout.jpg 896w, https:\/\/flimahout.com\/fr\/wp-content\/uploads\/sites\/5\/2025\/05\/claire-flimahout-210x300.jpg 210w, https:\/\/flimahout.com\/fr\/wp-content\/uploads\/sites\/5\/2025\/05\/claire-flimahout-717x1024.jpg 717w, https:\/\/flimahout.com\/fr\/wp-content\/uploads\/sites\/5\/2025\/05\/claire-flimahout-768x1097.jpg 768w\" sizes=\"auto, (max-width: 896px) 100vw, 896px\" \/>\n<\/div>\n\n\n\n<div>\n<p class=\"gb-text gbp-section__text--sm gb-text-08f619f5\">Claire Dubois<\/p>\n\n\n\n<p class=\"gb-text gbp-section__text--sm gb-text-1fd01fe2\">Infirmi\u00e8re<\/p>\n<\/div>\n<\/div>\n<\/div>\n\n\n\n<div class=\"gbp--border-radius gb-element-93f11647\">\n<p class=\"gb-text-231a7625\"><span class=\"gb-shape\"><svg xmlns=\"http:\/\/www.w3.org\/2000\/svg\" viewBox=\"0 0 420.08 72.36\"><path d=\"m38.04 0 10.58 25.44 27.46 2.2-20.92 17.92 6.39 26.8L38.04 58 14.53 72.36l6.39-26.8L0 27.64l27.46-2.2L38.04 0Zm86 0 10.58 25.44 27.46 2.2-20.92 17.92 6.39 26.8L124.04 58l-23.51 14.36 6.39-26.8L86 27.64l27.46-2.2L124.04 0Zm86 0 10.58 25.44 27.46 2.2-20.92 17.92 6.39 26.8L210.04 58l-23.51 14.36 6.39-26.8L172 27.64l27.46-2.2L210.04 0Zm86 0 10.58 25.44 27.46 2.2-20.92 17.92 6.39 26.8L296.04 58l-23.51 14.36 6.39-26.8L258 27.64l27.46-2.2L296.04 0Zm86 0 10.58 25.44 27.46 2.2-20.92 17.92 6.39 26.8L382.04 58l-23.51 14.36 6.39-26.8L344 27.64l27.46-2.2L382.04 0Z\"><\/path><\/svg><\/span><span class=\"gb-text\">\u00ab\u00a0En tant que consultant ind\u00e9pendant, j\u2019avais besoin d\u2019un financement rapide et flexible. FLIMAHOUT a su s\u2019adapter \u00e0 ma situation particuli\u00e8re, avec un service client \u00e0 l\u2019\u00e9coute et une r\u00e9ponse tr\u00e8s rapide. Une exp\u00e9rience tr\u00e8s positive que je recommande.\u00a0\u00bb<\/span><\/p>\n\n\n\n<div class=\"gb-element-a29aa8dc\">\n<div>\n<img loading=\"lazy\" decoding=\"async\" width=\"857\" height=\"1280\" class=\"gb-media-63a3841b\" src=\"https:\/\/flimahout.com\/fr\/wp-content\/uploads\/sites\/5\/2025\/05\/julien-flimahout.jpg\" title=\"julien-flimahout\" alt=\"\" srcset=\"https:\/\/flimahout.com\/fr\/wp-content\/uploads\/sites\/5\/2025\/05\/julien-flimahout.jpg 857w, https:\/\/flimahout.com\/fr\/wp-content\/uploads\/sites\/5\/2025\/05\/julien-flimahout-201x300.jpg 201w, https:\/\/flimahout.com\/fr\/wp-content\/uploads\/sites\/5\/2025\/05\/julien-flimahout-686x1024.jpg 686w, https:\/\/flimahout.com\/fr\/wp-content\/uploads\/sites\/5\/2025\/05\/julien-flimahout-768x1147.jpg 768w\" sizes=\"auto, (max-width: 857px) 100vw, 857px\" \/>\n<\/div>\n\n\n\n<div>\n<p class=\"gb-text gbp-section__text--sm gb-text-e75e8ba4\">Julien Lef\u00e8vre<\/p>\n\n\n\n<p class=\"gb-text gbp-section__text--sm gb-text-fe0dab0e\">Consultant<\/p>\n<\/div>\n<\/div>\n<\/div>\n\n\n\n<div class=\"gbp--border-radius gb-element-54661b34\">\n<p class=\"gb-text-4ef7f9b8\"><span class=\"gb-shape\"><svg xmlns=\"http:\/\/www.w3.org\/2000\/svg\" viewBox=\"0 0 420.08 72.36\"><path d=\"m38.04 0 10.58 25.44 27.46 2.2-20.92 17.92 6.39 26.8L38.04 58 14.53 72.36l6.39-26.8L0 27.64l27.46-2.2L38.04 0Zm86 0 10.58 25.44 27.46 2.2-20.92 17.92 6.39 26.8L124.04 58l-23.51 14.36 6.39-26.8L86 27.64l27.46-2.2L124.04 0Zm86 0 10.58 25.44 27.46 2.2-20.92 17.92 6.39 26.8L210.04 58l-23.51 14.36 6.39-26.8L172 27.64l27.46-2.2L210.04 0Zm86 0 10.58 25.44 27.46 2.2-20.92 17.92 6.39 26.8L296.04 58l-23.51 14.36 6.39-26.8L258 27.64l27.46-2.2L296.04 0Zm86 0 10.58 25.44 27.46 2.2-20.92 17.92 6.39 26.8L382.04 58l-23.51 14.36 6.39-26.8L344 27.64l27.46-2.2L382.04 0Z\"><\/path><\/svg><\/span><span class=\"gb-text\">\u00ab\u00a0Le rachat de cr\u00e9dit a \u00e9t\u00e9 une v\u00e9ritable bouff\u00e9e d\u2019oxyg\u00e8ne pour mon budget. L\u2019\u00e9quipe m\u2019a aid\u00e9 \u00e0 comprendre toutes les options et a simplifi\u00e9 les d\u00e9marches administratives. R\u00e9sultat : mes mensualit\u00e9s sont beaucoup plus l\u00e9g\u00e8res, et je retrouve une meilleure ma\u00eetrise de mes finances.\u00a0\u00bb<\/span><\/p>\n\n\n\n<div class=\"gb-element-9cafff1e\">\n<div>\n<img loading=\"lazy\" decoding=\"async\" width=\"1280\" height=\"853\" class=\"gb-media-eba6df24\" src=\"https:\/\/flimahout.com\/fr\/wp-content\/uploads\/sites\/5\/2025\/05\/ahmed-flimahout.jpg\" title=\"ahmed-flimahout\" alt=\"\" srcset=\"https:\/\/flimahout.com\/fr\/wp-content\/uploads\/sites\/5\/2025\/05\/ahmed-flimahout.jpg 1280w, https:\/\/flimahout.com\/fr\/wp-content\/uploads\/sites\/5\/2025\/05\/ahmed-flimahout-300x200.jpg 300w, https:\/\/flimahout.com\/fr\/wp-content\/uploads\/sites\/5\/2025\/05\/ahmed-flimahout-1024x682.jpg 1024w, https:\/\/flimahout.com\/fr\/wp-content\/uploads\/sites\/5\/2025\/05\/ahmed-flimahout-768x512.jpg 768w\" sizes=\"auto, (max-width: 1280px) 100vw, 1280px\" \/>\n<\/div>\n\n\n\n<div>\n<p class=\"gb-text gbp-section__text--sm gb-text-69656d98\">Ahmed Ben Ali<\/p>\n\n\n\n<p class=\"gb-text gbp-section__text--sm gb-text-9615f75e\">Enseignant<\/p>\n<\/div>\n<\/div>\n<\/div>\n\n\n\n<div class=\"gbp--border-radius gb-element-f415c9b7\">\n<p class=\"gb-text-5f68fc4d\"><span class=\"gb-shape\"><svg xmlns=\"http:\/\/www.w3.org\/2000\/svg\" viewBox=\"0 0 420.08 72.36\"><path d=\"m38.04 0 10.58 25.44 27.46 2.2-20.92 17.92 6.39 26.8L38.04 58 14.53 72.36l6.39-26.8L0 27.64l27.46-2.2L38.04 0Zm86 0 10.58 25.44 27.46 2.2-20.92 17.92 6.39 26.8L124.04 58l-23.51 14.36 6.39-26.8L86 27.64l27.46-2.2L124.04 0Zm86 0 10.58 25.44 27.46 2.2-20.92 17.92 6.39 26.8L210.04 58l-23.51 14.36 6.39-26.8L172 27.64l27.46-2.2L210.04 0Zm86 0 10.58 25.44 27.46 2.2-20.92 17.92 6.39 26.8L296.04 58l-23.51 14.36 6.39-26.8L258 27.64l27.46-2.2L296.04 0Zm86 0 10.58 25.44 27.46 2.2-20.92 17.92 6.39 26.8L382.04 58l-23.51 14.36 6.39-26.8L344 27.64l27.46-2.2L382.04 0Z\"><\/path><\/svg><\/span><span class=\"gb-text\">\u00ab\u00a0J\u2019ai fait appel \u00e0 FLIMAHOUT pour financer mes travaux de r\u00e9novation. D\u00e8s le d\u00e9but, l\u2019accompagnement a \u00e9t\u00e9 tr\u00e8s professionnel : les conseillers ont pris le temps d\u2019expliquer chaque \u00e9tape, et le dossier a \u00e9t\u00e9 trait\u00e9 rapidement. Cela m\u2019a vraiment facilit\u00e9 la vie. Je recommande sans h\u00e9siter.\u00a0\u00bb<\/span><\/p>\n\n\n\n<div class=\"gb-element-ab757b9b\">\n<div>\n<img loading=\"lazy\" decoding=\"async\" width=\"853\" height=\"1280\" class=\"gb-media-75d5ab37\" src=\"https:\/\/flimahout.com\/fr\/wp-content\/uploads\/sites\/5\/2025\/05\/sophie-flimahout.jpg\" title=\"sophie-flimahout\" alt=\"\" srcset=\"https:\/\/flimahout.com\/fr\/wp-content\/uploads\/sites\/5\/2025\/05\/sophie-flimahout.jpg 853w, https:\/\/flimahout.com\/fr\/wp-content\/uploads\/sites\/5\/2025\/05\/sophie-flimahout-200x300.jpg 200w, https:\/\/flimahout.com\/fr\/wp-content\/uploads\/sites\/5\/2025\/05\/sophie-flimahout-682x1024.jpg 682w, https:\/\/flimahout.com\/fr\/wp-content\/uploads\/sites\/5\/2025\/05\/sophie-flimahout-768x1152.jpg 768w\" sizes=\"auto, (max-width: 853px) 100vw, 853px\" \/>\n<\/div>\n\n\n\n<div>\n<p class=\"gb-text gbp-section__text--sm gb-text-c4e63d7e\">Sophie Martin<\/p>\n\n\n\n<p class=\"gb-text gbp-section__text--sm gb-text-32c64257\">Architecte<\/p>\n<\/div>\n<\/div>\n<\/div>\n\n\n\n<div class=\"gbp--border-radius gb-element-c6820af0\">\n<p class=\"gb-text-c356d783\"><span class=\"gb-shape\"><svg xmlns=\"http:\/\/www.w3.org\/2000\/svg\" viewBox=\"0 0 420.08 72.36\"><path d=\"m38.04 0 10.58 25.44 27.46 2.2-20.92 17.92 6.39 26.8L38.04 58 14.53 72.36l6.39-26.8L0 27.64l27.46-2.2L38.04 0Zm86 0 10.58 25.44 27.46 2.2-20.92 17.92 6.39 26.8L124.04 58l-23.51 14.36 6.39-26.8L86 27.64l27.46-2.2L124.04 0Zm86 0 10.58 25.44 27.46 2.2-20.92 17.92 6.39 26.8L210.04 58l-23.51 14.36 6.39-26.8L172 27.64l27.46-2.2L210.04 0Zm86 0 10.58 25.44 27.46 2.2-20.92 17.92 6.39 26.8L296.04 58l-23.51 14.36 6.39-26.8L258 27.64l27.46-2.2L296.04 0Zm86 0 10.58 25.44 27.46 2.2-20.92 17.92 6.39 26.8L382.04 58l-23.51 14.36 6.39-26.8L344 27.64l27.46-2.2L382.04 0Z\"><\/path><\/svg><\/span><span class=\"gb-text\">\u00ab\u00a0J\u2019\u00e9tais un peu perdu face \u00e0 toutes les offres de pr\u00eat sur le march\u00e9, mais l\u2019\u00e9quipe de FLIMAHOUT a su me guider avec transparence et professionnalisme. Le processus est simple, rapide, et les conditions sont avantageuses. Je suis tr\u00e8s satisfait du service rendu.\u00a0\u00bb<\/span><\/p>\n\n\n\n<div class=\"gb-element-d0604939\">\n<div>\n<img loading=\"lazy\" decoding=\"async\" width=\"906\" height=\"1280\" class=\"gb-media-e91a6eb6\" src=\"https:\/\/flimahout.com\/fr\/wp-content\/uploads\/sites\/5\/2025\/05\/isabelle-flimahout.jpg\" title=\"isabelle-flimahout\" alt=\"\" srcset=\"https:\/\/flimahout.com\/fr\/wp-content\/uploads\/sites\/5\/2025\/05\/isabelle-flimahout.jpg 906w, https:\/\/flimahout.com\/fr\/wp-content\/uploads\/sites\/5\/2025\/05\/isabelle-flimahout-212x300.jpg 212w, https:\/\/flimahout.com\/fr\/wp-content\/uploads\/sites\/5\/2025\/05\/isabelle-flimahout-725x1024.jpg 725w, https:\/\/flimahout.com\/fr\/wp-content\/uploads\/sites\/5\/2025\/05\/isabelle-flimahout-768x1085.jpg 768w\" sizes=\"auto, (max-width: 906px) 100vw, 906px\" \/>\n<\/div>\n\n\n\n<div>\n<p class=\"gb-text gbp-section__text--sm gb-text-981b5853\">Isabelle Garnier<\/p>\n\n\n\n<p class=\"gb-text gbp-section__text--sm gb-text-0fc38bdd\">Cadre administratif<\/p>\n<\/div>\n<\/div>\n<\/div>\n\n\n\n<div class=\"gbp--border-radius gb-element-48a5ffc8\">\n<p class=\"gb-text-341008e7\"><span class=\"gb-shape\"><svg xmlns=\"http:\/\/www.w3.org\/2000\/svg\" viewBox=\"0 0 420.08 72.36\"><path d=\"m38.04 0 10.58 25.44 27.46 2.2-20.92 17.92 6.39 26.8L38.04 58 14.53 72.36l6.39-26.8L0 27.64l27.46-2.2L38.04 0Zm86 0 10.58 25.44 27.46 2.2-20.92 17.92 6.39 26.8L124.04 58l-23.51 14.36 6.39-26.8L86 27.64l27.46-2.2L124.04 0Zm86 0 10.58 25.44 27.46 2.2-20.92 17.92 6.39 26.8L210.04 58l-23.51 14.36 6.39-26.8L172 27.64l27.46-2.2L210.04 0Zm86 0 10.58 25.44 27.46 2.2-20.92 17.92 6.39 26.8L296.04 58l-23.51 14.36 6.39-26.8L258 27.64l27.46-2.2L296.04 0Zm86 0 10.58 25.44 27.46 2.2-20.92 17.92 6.39 26.8L382.04 58l-23.51 14.36 6.39-26.8L344 27.64l27.46-2.2L382.04 0Z\"><\/path><\/svg><\/span><span class=\"gb-text\">\u00ab\u00a0Le pr\u00eat automobile que j\u2019ai contract\u00e9 chez FLIMAHOUT a parfaitement r\u00e9pondu \u00e0 mes attentes. L\u2019\u00e9quipe a \u00e9t\u00e9 disponible pour r\u00e9pondre \u00e0 toutes mes questions, et le financement a \u00e9t\u00e9 mis en place rapidement, sans complication. Un vrai partenaire de confiance.\u00a0\u00bb<\/span><\/p>\n\n\n\n<div class=\"gb-element-91df6390\">\n<div>\n<img loading=\"lazy\" decoding=\"async\" width=\"854\" height=\"1280\" class=\"gb-media-b1734189\" src=\"https:\/\/flimahout.com\/fr\/wp-content\/uploads\/sites\/5\/2025\/05\/marc-flimahout.jpg\" title=\"marc-flimahout\" alt=\"\" srcset=\"https:\/\/flimahout.com\/fr\/wp-content\/uploads\/sites\/5\/2025\/05\/marc-flimahout.jpg 854w, https:\/\/flimahout.com\/fr\/wp-content\/uploads\/sites\/5\/2025\/05\/marc-flimahout-200x300.jpg 200w, https:\/\/flimahout.com\/fr\/wp-content\/uploads\/sites\/5\/2025\/05\/marc-flimahout-683x1024.jpg 683w, https:\/\/flimahout.com\/fr\/wp-content\/uploads\/sites\/5\/2025\/05\/marc-flimahout-768x1151.jpg 768w\" sizes=\"auto, (max-width: 854px) 100vw, 854px\" \/>\n<\/div>\n\n\n\n<div>\n<p class=\"gb-text gbp-section__text--sm gb-text-bb3107e6\">Marc Dupuis<\/p>\n\n\n\n<p class=\"gb-text gbp-section__text--sm gb-text-52d37cf4\">Commercial<\/p>\n<\/div>\n<\/div>\n<\/div>\n<\/div>\n<\/div>\n<\/div>\n\n\n\n<div class=\"gbp-section gb-element-599e0305\">\n<div class=\"gbp-section__inner gb-element-d73f6bbb\">\n<div class=\"gb-element-dbce1e1c\">\n<div class=\"gb-element-7ff06e4a\" style=\"--inline-bg-image: url(https:\/\/flimahout.com\/fr\/wp-content\/uploads\/sites\/5\/2025\/01\/image-1-1.png)\"><\/div>\n\n\n\n<div class=\"gb-element-468b0a87\">\n<h2 class=\"gb-text gb-text-d3cb9573\">Nous sommes pr\u00eats \u00e0 vous accompagner dans vos projets<br><\/h2>\n\n\n\n<p class=\"gb-text gb-text-744efd86\">Faites votre demande maintenant et obtenez une r\u00e9ponse rapide et personnalis\u00e9e. Ensemble, concr\u00e9tisons vos projets : logement, v\u00e9hicule, tr\u00e9sorerie ou regroupement de cr\u00e9dits\u2026 Notre \u00e9quipe est pr\u00eate \u00e0 vous accompagner d\u00e8s aujourd\u2019hui.<br><a href=\"https:\/\/flimahout.com\/fr\/contact\"><\/a><\/p>\n\n\n\n<a class=\"gb-text gbp-button--secondary gb-text-fb9cfed2\" href=\"\/fr\/contact\">Demander un pr\u00eat<\/a>\n\n\n\n<div class=\"gbp--border-radius gb-element-113c301d\">\n<span class=\"gb-shape gb-shape-a8f45d3c\"><svg aria-hidden=\"true\" height=\"1em\" width=\"1em\" viewBox=\"0 0 512 512\" xmlns=\"http:\/\/www.w3.org\/2000\/svg\"><path fill=\"currentColor\" d=\"M464 64H48C21.49 64 0 85.49 0 112v288c0 26.51 21.49 48 48 48h416c26.51 0 48-21.49 48-48V112c0-26.51-21.49-48-48-48zm0 48v40.805c-22.422 18.259-58.168 46.651-134.587 106.49-16.841 13.247-50.201 45.072-73.413 44.701-23.208.375-56.579-31.459-73.413-44.701C106.18 199.465 70.425 171.067 48 152.805V112h416zM48 400V214.398c22.914 18.251 55.409 43.862 104.938 82.646 21.857 17.205 60.134 55.186 103.062 54.955 42.717.231 80.509-37.199 103.053-54.947 49.528-38.783 82.032-64.401 104.947-82.653V400H48z\"><\/path><\/svg><\/span>\n\n\n\n<div>\n<p class=\"gb-text gbp-section__text--lg gb-text-37599207\">Email<\/p>\n\n\n\n<h3 class=\"gb-text gb-text-a77f781b\">contact@flimahout.com<\/h3>\n<\/div>\n<\/div>\n<\/div>\n<\/div>\n<\/div>\n<\/div>\n","protected":false},"excerpt":{"rendered":"<p>Un mod\u00e8le humain et fiable, au service de vos projets Le pr\u00eat entre particuliers, encadr\u00e9 et s\u00e9curis\u00e9, port\u00e9 par la confiance de milliers de clients. Depuis plusieurs ann\u00e9es, nous facilitons la mise en relation entre emprunteurs et pr\u00eateurs particuliers \u00e0 travers une approche responsable, transparente et accessible. Ce mod\u00e8le alternatif au cr\u00e9dit bancaire traditionnel repose &#8230; <a title=\"A Propos\" class=\"read-more\" href=\"https:\/\/flimahout.com\/fr\/a-propos\/\" aria-label=\"En savoir plus sur A Propos\">Lire plus<\/a><\/p>\n","protected":false},"author":1,"featured_media":0,"parent":0,"menu_order":0,"comment_status":"closed","ping_status":"closed","template":"","meta":{"_glsr_average":0,"_glsr_ranking":0,"_glsr_reviews":0,"footnotes":""},"class_list":["post-44541","page","type-page","status-publish"],"_links":{"self":[{"href":"https:\/\/flimahout.com\/fr\/wp-json\/wp\/v2\/pages\/44541","targetHints":{"allow":["GET"]}}],"collection":[{"href":"https:\/\/flimahout.com\/fr\/wp-json\/wp\/v2\/pages"}],"about":[{"href":"https:\/\/flimahout.com\/fr\/wp-json\/wp\/v2\/types\/page"}],"author":[{"embeddable":true,"href":"https:\/\/flimahout.com\/fr\/wp-json\/wp\/v2\/users\/1"}],"replies":[{"embeddable":true,"href":"https:\/\/flimahout.com\/fr\/wp-json\/wp\/v2\/comments?post=44541"}],"version-history":[{"count":21,"href":"https:\/\/flimahout.com\/fr\/wp-json\/wp\/v2\/pages\/44541\/revisions"}],"predecessor-version":[{"id":47288,"href":"https:\/\/flimahout.com\/fr\/wp-json\/wp\/v2\/pages\/44541\/revisions\/47288"}],"wp:attachment":[{"href":"https:\/\/flimahout.com\/fr\/wp-json\/wp\/v2\/media?parent=44541"}],"curies":[{"name":"wp","href":"https:\/\/api.w.org\/{rel}","templated":true}]}}