{"id":47139,"date":"2025-05-20T12:56:19","date_gmt":"2025-05-20T12:56:19","guid":{"rendered":"https:\/\/flimahout.com\/fr\/?page_id=47139"},"modified":"2025-05-20T13:14:52","modified_gmt":"2025-05-20T13:14:52","slug":"avis","status":"publish","type":"page","link":"https:\/\/flimahout.com\/fr\/avis\/","title":{"rendered":"Avis"},"content":{"rendered":"\n<div class=\"wp-block-columns is-layout-flex wp-container-core-columns-is-layout-9d6595d7 wp-block-columns-is-layout-flex\">\n<div class=\"wp-block-column is-layout-flow wp-block-column-is-layout-flow\">\n<h2 class=\"gb-text\">Ils nous ont fait confiance, \u00e0 vous de vous faire votre avis<\/h2>\n\n\n\n<p class=\"gb-text\">D\u00e9couvrez ce que nos clients disent de leur exp\u00e9rience avec FLIMAHOUT. Transparence, efficacit\u00e9, accompagnement : leurs t\u00e9moignages refl\u00e8tent notre engagement quotidien. Vous avez d\u00e9j\u00e0 sollicit\u00e9 nos services ? Partagez votre avis et contribuez \u00e0 aider d\u2019autres personnes \u00e0 faire un choix \u00e9clair\u00e9.<\/p>\n<\/div>\n\n\n\n<div class=\"wp-block-column is-layout-flow wp-block-column-is-layout-flow\"><div class=\"glsr glsr-default\" id=\"glsr_46dbffab\" data-from=\"shortcode\" data-shortcode=\"site_reviews_form\"><div class=\"glsr-form-wrap\">\n    <form class=\"glsr-review-form glsr-form\" method=\"post\" enctype=\"multipart\/form-data\">\n        <input type=\"hidden\" name=\"site-reviews[_action]\" value=\"submit-review\" \/>\n<input type=\"hidden\" name=\"site-reviews[_nonce]\" value=\"eb956067fe\" \/>\n<input type=\"hidden\" name=\"site-reviews[_post_id]\" value=\"47139\" \/>\n<input type=\"hidden\" name=\"site-reviews[_referer]\" value=\"\" \/>\n<input type=\"hidden\" name=\"site-reviews[assigned_posts]\" value=\"\" \/>\n<input type=\"hidden\" name=\"site-reviews[assigned_terms]\" value=\"\" \/>\n<input type=\"hidden\" name=\"site-reviews[assigned_users]\" value=\"\" \/>\n<input type=\"hidden\" name=\"site-reviews[excluded]\" value=\"\" \/>\n<input type=\"hidden\" name=\"site-reviews[form_id]\" value=\"glsr_46dbffab\" \/>\n<input type=\"hidden\" name=\"site-reviews[terms_exist]\" value=\"1\" \/>\n<input type=\"hidden\" name=\"site-reviews[form_signature]\" value=\"CNEMLzO8tb-ia4IUsmmX0hR-eCAefXJ4IWWwfnzPbpfzRmfPuaovsQLf6K782ifpnIeCrJkOdyw6Xfdk18QItL5CKOrnReHF_tfBndTW94gcrevC0j6z9I8G8xfo4FV7ZBcWdWAgQ9gJ4ITzFMji-O4uch0MZfclXwSQGhlFduu0Q5e2WLuS4fP1TiHrFi9H_3lFTdbbYT5DXp59zQe0A--USiqA5nLYZ_2A3dwGhE-zwDlJ6P56XRQ0Xc1wBA83v8a3JK-J4UJccE0tsSCh5861KFHAjEocNzUA8L_N1Kt92RxIOpp6gLXUduISSgfjY7Jw0eqFJTjaVUrPRQn2NAq0NVsiCxrXryzCh4QOu_rRpjbYCe3D7ugcT3f1yWhSFM9mnuU6zhbQclPyVyr14jRK78LS\" \/>\n<div class=\"glsr-field\" style=\"display:none;\"><label for=\"site-reviews-b328944f-glsr_46dbffab\">Votre avis<\/label><input type=\"text\" class=\"glsr-input glsr-input-text\" id=\"site-reviews-b328944f-glsr_46dbffab\" name=\"site-reviews[b328944f]\" value=\"\" \/><\/div>\n<div class=\"glsr-field glsr-field-rating glsr-required\" data-field=\"rating\">\n    <label class=\"glsr-label\" for=\"glsr_46dbffab-rating\">\n    <span>Votre note globale<\/span>\n<\/label>\n    <select class=\"browser-default disable-select no_wrap no-wrap glsr-select\" id=\"glsr_46dbffab-rating\" name=\"site-reviews[rating]\" required><option value=\"\">S\u00e9lectionnez une note<\/option><option value=\"5\">5 \u00e9toiles<\/option><option value=\"4\">4 \u00e9toiles<\/option><option value=\"3\">3 \u00e9toiles<\/option><option value=\"2\">2 \u00e9toiles<\/option><option value=\"1\">1 \u00e9toile<\/option><\/select>\n    <div class=\"glsr-field-error\"><\/div>\n<\/div>\n<div class=\"glsr-field glsr-field-text glsr-required\" data-field=\"title\">\n    <label class=\"glsr-label\" for=\"glsr_46dbffab-title\">\n    <span>Titre de votre avis<\/span>\n<\/label>\n    <input type=\"text\" class=\"glsr-input glsr-input-text\" id=\"glsr_46dbffab-title\" name=\"site-reviews[title]\" required placeholder=\"R\u00e9sumez votre avis ou mettez en \u00e9vidence un d\u00e9tail int\u00e9ressant\" value=\"\" \/>\n    <div class=\"glsr-field-error\"><\/div>\n<\/div>\n<div class=\"glsr-field glsr-field-textarea glsr-required\" data-field=\"content\">\n    <label class=\"glsr-label\" for=\"glsr_46dbffab-content\">\n    <span>Votre avis<\/span>\n<\/label>\n    <textarea class=\"glsr-textarea\" id=\"glsr_46dbffab-content\" name=\"site-reviews[content]\" required placeholder=\"Donnez votre avis\" rows=\"5\"><\/textarea>\n    <div class=\"glsr-field-error\"><\/div>\n<\/div>\n<div class=\"glsr-field glsr-field-text glsr-required\" data-field=\"name\">\n    <label class=\"glsr-label\" for=\"glsr_46dbffab-name\">\n    <span>Votre nom<\/span>\n<\/label>\n    <input type=\"text\" class=\"glsr-input glsr-input-text\" id=\"glsr_46dbffab-name\" name=\"site-reviews[name]\" required placeholder=\"Donnez votre nom\" value=\"\" \/>\n    <div class=\"glsr-field-error\"><\/div>\n<\/div>\n<div class=\"glsr-field glsr-field-email glsr-required\" data-field=\"email\">\n    <label class=\"glsr-label\" for=\"glsr_46dbffab-email\">\n    <span>Votre e-mail<\/span>\n<\/label>\n    <input type=\"email\" class=\"glsr-input glsr-input-email\" id=\"glsr_46dbffab-email\" name=\"site-reviews[email]\" required placeholder=\"Donnez votre e-mail\" value=\"\" \/>\n    <div class=\"glsr-field-error\"><\/div>\n<\/div>\n<div class=\"glsr-field glsr-field-choice glsr-required\" data-field=\"terms\">\n    \n    <span class=\"glsr-field-toggle\">\n    <span class=\"glsr-toggle\">\n        <label for=\"glsr_46dbffab-terms-1\">Cette note est fond\u00e9e sur ma propre exp\u00e9rience et mon v\u00e9ritable avis.<\/label>\n        <span class=\"glsr-toggle-switch\">\n            <input type=\"checkbox\" class=\"glsr-input-toggle\" id=\"glsr_46dbffab-terms-1\" name=\"site-reviews[terms]\" required value=\"1\" \/> &#8203; <!-- zero-space character used for alignment -->\n            <span class=\"glsr-toggle-track\"><\/span>\n        <\/span>\n    <\/span>\n<\/span>\n    <div class=\"glsr-field-error\"><\/div>\n<\/div>\n        <div class=\"glsr-form-message\">\n    \n<\/div>\n        <div data-field=\"submit-button\">\n    <div class=\"wp-block-button\">\n        <button type=\"submit\" class=\"glsr-button wp-block-button__link\" aria-busy=\"false\" data-loading=\"Submitting, please wait...\">Envoyer un avis<\/button>\n    <\/div>\n<\/div>\n    <\/form>\n<\/div><\/div>\n<\/div>\n<\/div>\n\n\n\n<div style=\"height:76px\" aria-hidden=\"true\" class=\"wp-block-spacer\"><\/div>\n\n\n<div class=\"glsr glsr-default\" id=\"glsr_a77bc212\" data-from=\"shortcode\" data-shortcode=\"site_reviews\"><div class=\"glsr-reviews-wrap\">\n    <div class=\"glsr-reviews\">\n        <div class=\"glsr-review\" data-type=\"local\" id=\"review-47129\" data-assigned='[]'>\n    <div class=\"glsr-review-title\"><h4 class=\"glsr-tag-value\">Tr\u00e8s rassurant<\/h4><\/div>\n    <div class=\"glsr-review-rating\"><div class=\"glsr-star-rating glsr-stars\" role=\"img\" aria-label=\"Rated 5 out of 5 stars\" data-rating=\"5\" data-reviews=\"0\"><span class=\"glsr-star glsr-star-full\" aria-hidden=\"true\"><\/span><span class=\"glsr-star glsr-star-full\" aria-hidden=\"true\"><\/span><span class=\"glsr-star glsr-star-full\" aria-hidden=\"true\"><\/span><span class=\"glsr-star glsr-star-full\" aria-hidden=\"true\"><\/span><span class=\"glsr-star glsr-star-full\" aria-hidden=\"true\"><\/span><\/div><\/div> <div class=\"glsr-review-date\"><span class=\"glsr-tag-value\">f\u00e9vrier 16, 2025<\/span><\/div>\n    \n    <div class=\"glsr-review-content\"><div class=\"glsr-tag-value\" data-expanded=\"false\"><p>J\u2019ai obtenu un pr\u00eat personnel pour un projet personnel important. La proc\u00e9dure \u00e9tait claire, les conditions tr\u00e8s comp\u00e9titives, et le suivi client irr\u00e9prochable. J\u2019ai toujours \u00e9t\u00e9 tenu inform\u00e9, ce qui a rendu l\u2019ensemble du processus tr\u00e8s rassurant.<\/p><\/div><\/div>\n    <div class=\"glsr-review-avatar\"><img decoding=\"async\" style=\"width:40px; height:40px;\" alt=\"Avatar de Claire\" height=\"80\" loading=\"lazy\" src=\"https:\/\/flimahout.com\/fr\/wp-content\/uploads\/sites\/5\/site-reviews\/avatars\/CL.svg\" width=\"80\" \/><\/div> <div class=\"glsr-review-author\"><span class=\"glsr-tag-value\">Claire<\/span><\/div> \n    \n<\/div>\n<div class=\"glsr-review\" data-type=\"local\" id=\"review-47145\" data-assigned='[]'>\n    <div class=\"glsr-review-title\"><h4 class=\"glsr-tag-value\">Je recommande<\/h4><\/div>\n    <div class=\"glsr-review-rating\"><div class=\"glsr-star-rating glsr-stars\" role=\"img\" aria-label=\"Rated 5 out of 5 stars\" data-rating=\"5\" data-reviews=\"0\"><span class=\"glsr-star glsr-star-full\" aria-hidden=\"true\"><\/span><span class=\"glsr-star glsr-star-full\" aria-hidden=\"true\"><\/span><span class=\"glsr-star glsr-star-full\" aria-hidden=\"true\"><\/span><span class=\"glsr-star glsr-star-full\" aria-hidden=\"true\"><\/span><span class=\"glsr-star glsr-star-full\" aria-hidden=\"true\"><\/span><\/div><\/div> <div class=\"glsr-review-date\"><span class=\"glsr-tag-value\">juillet 20, 2024<\/span><\/div>\n    \n    <div class=\"glsr-review-content\"><div class=\"glsr-tag-value\" data-expanded=\"false\"><p>J\u2019ai fait appel \u00e0 FLIMAHOUT pour financer mes travaux de r\u00e9novation. D\u00e8s le d\u00e9but, l\u2019accompagnement a \u00e9t\u00e9 tr\u00e8s professionnel : les conseillers ont pris le temps d\u2019expliquer chaque \u00e9tape, et le dossier a \u00e9t\u00e9 trait\u00e9 rapidement. Cela m\u2019a vraiment facilit\u00e9 la vie. Je recommande sans h\u00e9siter.<\/p><\/div><\/div>\n    <div class=\"glsr-review-avatar\"><img decoding=\"async\" style=\"width:40px; height:40px;\" alt=\"Avatar de Sophie Martin\" height=\"80\" loading=\"lazy\" src=\"https:\/\/secure.gravatar.com\/avatar\/?s=80&amp;d=mm&amp;r=g\" width=\"80\" \/><\/div> <div class=\"glsr-review-author\"><span class=\"glsr-tag-value\">Sophie Martin<\/span><\/div> \n    \n<\/div>\n<div class=\"glsr-review\" data-type=\"local\" id=\"review-47143\" data-assigned='[]'>\n    <div class=\"glsr-review-title\"><h4 class=\"glsr-tag-value\">Exp\u00e9rience positive<\/h4><\/div>\n    <div class=\"glsr-review-rating\"><div class=\"glsr-star-rating glsr-stars\" role=\"img\" aria-label=\"Rated 5 out of 5 stars\" data-rating=\"5\" data-reviews=\"0\"><span class=\"glsr-star glsr-star-full\" aria-hidden=\"true\"><\/span><span class=\"glsr-star glsr-star-full\" aria-hidden=\"true\"><\/span><span class=\"glsr-star glsr-star-full\" aria-hidden=\"true\"><\/span><span class=\"glsr-star glsr-star-full\" aria-hidden=\"true\"><\/span><span class=\"glsr-star glsr-star-full\" aria-hidden=\"true\"><\/span><\/div><\/div> <div class=\"glsr-review-date\"><span class=\"glsr-tag-value\">janvier 5, 2023<\/span><\/div>\n    \n    <div class=\"glsr-review-content\"><div class=\"glsr-tag-value\" data-expanded=\"false\"><p>En tant que consultant ind\u00e9pendant, j\u2019avais besoin d\u2019un financement rapide et flexible. FLIMAHOUT a su s\u2019adapter \u00e0 ma situation particuli\u00e8re, avec un service client \u00e0 l\u2019\u00e9coute et une r\u00e9ponse tr\u00e8s rapide. Une exp\u00e9rience tr\u00e8s positive que je recommande.<\/p><\/div><\/div>\n    <div class=\"glsr-review-avatar\"><img decoding=\"async\" style=\"width:40px; height:40px;\" alt=\"Avatar de Julien Lef\u00e8vre\" height=\"80\" loading=\"lazy\" src=\"https:\/\/secure.gravatar.com\/avatar\/?s=80&amp;d=mm&amp;r=g\" width=\"80\" \/><\/div> <div class=\"glsr-review-author\"><span class=\"glsr-tag-value\">Julien Lef\u00e8vre<\/span><\/div> \n    \n<\/div>\n    <\/div>\n    \n<\/div><\/div>\n","protected":false},"excerpt":{"rendered":"<p>Ils nous ont fait confiance, \u00e0 vous de vous faire votre avis D\u00e9couvrez ce que nos clients disent de leur exp\u00e9rience avec FLIMAHOUT. Transparence, efficacit\u00e9, accompagnement : leurs t\u00e9moignages refl\u00e8tent notre engagement quotidien. Vous avez d\u00e9j\u00e0 sollicit\u00e9 nos services ? Partagez votre avis et contribuez \u00e0 aider d\u2019autres personnes \u00e0 faire un choix \u00e9clair\u00e9.<\/p>\n","protected":false},"author":1,"featured_media":0,"parent":0,"menu_order":0,"comment_status":"closed","ping_status":"closed","template":"","meta":{"_glsr_average":0,"_glsr_ranking":0,"_glsr_reviews":0,"footnotes":""},"class_list":["post-47139","page","type-page","status-publish"],"_links":{"self":[{"href":"https:\/\/flimahout.com\/fr\/wp-json\/wp\/v2\/pages\/47139","targetHints":{"allow":["GET"]}}],"collection":[{"href":"https:\/\/flimahout.com\/fr\/wp-json\/wp\/v2\/pages"}],"about":[{"href":"https:\/\/flimahout.com\/fr\/wp-json\/wp\/v2\/types\/page"}],"author":[{"embeddable":true,"href":"https:\/\/flimahout.com\/fr\/wp-json\/wp\/v2\/users\/1"}],"replies":[{"embeddable":true,"href":"https:\/\/flimahout.com\/fr\/wp-json\/wp\/v2\/comments?post=47139"}],"version-history":[{"count":3,"href":"https:\/\/flimahout.com\/fr\/wp-json\/wp\/v2\/pages\/47139\/revisions"}],"predecessor-version":[{"id":47279,"href":"https:\/\/flimahout.com\/fr\/wp-json\/wp\/v2\/pages\/47139\/revisions\/47279"}],"wp:attachment":[{"href":"https:\/\/flimahout.com\/fr\/wp-json\/wp\/v2\/media?parent=47139"}],"curies":[{"name":"wp","href":"https:\/\/api.w.org\/{rel}","templated":true}]}}