{"id":486,"date":"2023-08-07T14:08:32","date_gmt":"2023-08-07T14:08:32","guid":{"rendered":"https:\/\/business-one.local\/?page_id=486"},"modified":"2025-08-01T09:19:06","modified_gmt":"2025-08-01T09:19:06","slug":"contact","status":"publish","type":"page","link":"https:\/\/flimahout.com\/fr\/contact\/","title":{"rendered":"Contact"},"content":{"rendered":"\n<div class=\"gbp-section gb-element-05564eba\">\n<div class=\"gbp-section__inner gb-element-e4ee2705\">\n<div class=\"gb-element-f113bfa5\">\n<div class=\"gb-element-7be615ca\">\n<div>\n<p class=\"gb-text gbp-section__tagline\">Contactez-nous<\/p>\n\n\n\n<h1 class=\"gb-text\">Un projet en t\u00eate ? Parlons-en d\u00e8s aujourd\u2019hui<\/h1>\n\n\n\n<p class=\"gb-text gb-text-d8e1b370\">Pour tout besoin pr\u00e9cis, votre demande de pr\u00eat, de renseignement ou d\u2019accompagnement personnalis\u00e9 ou une simple question, notre \u00e9quipe est \u00e0 votre \u00e9coute pour vous guider et vous proposer une solution adapt\u00e9e \u00e0 votre situation.<\/p>\n<\/div>\n\n\n\n<div class=\"gbp--border-radius gb-element-70b78f12\">\n<span class=\"gb-shape gb-shape-2bd830b5\"><svg xmlns=\"http:\/\/www.w3.org\/2000\/svg\" viewBox=\"0 0 512 512\" width=\"1em\" height=\"1em\" aria-hidden=\"true\"><path d=\"M464 64H48C21.49 64 0 85.49 0 112v288c0 26.51 21.49 48 48 48h416c26.51 0 48-21.49 48-48V112c0-26.51-21.49-48-48-48zm0 48v40.805c-22.422 18.259-58.168 46.651-134.587 106.49-16.841 13.247-50.201 45.072-73.413 44.701-23.208.375-56.579-31.459-73.413-44.701C106.18 199.465 70.425 171.067 48 152.805V112h416zM48 400V214.398c22.914 18.251 55.409 43.862 104.938 82.646 21.857 17.205 60.134 55.186 103.062 54.955 42.717.231 80.509-37.199 103.053-54.947 49.528-38.783 82.032-64.401 104.947-82.653V400H48z\" fill=\"currentColor\"><\/path><\/svg><\/span>\n\n\n\n<div>\n<p class=\"gb-text gbp-section__text--lg gb-text-9f6aba78\">Contactez-Nous<\/p>\n\n\n\n<h3 class=\"gb-text gb-text-b9a01b31\">contact@flimahout.com\/fr<\/h3>\n<\/div>\n<\/div>\n<\/div>\n\n\n\n<div class=\"forminator-guttenberg\"><div class=\"forminator-ui forminator-custom-form forminator-custom-form-47074 forminator-design--basic  forminator_ajax\" data-forminator-render=\"0\" data-form=\"forminator-module-47074\" data-uid=\"69fb430d67629\"><br\/><\/div><form\r\n\t\t\t\tid=\"forminator-module-47074\"\r\n\t\t\t\tclass=\"forminator-ui forminator-custom-form forminator-custom-form-47074 forminator-design--basic  forminator_ajax\"\r\n\t\t\t\tmethod=\"post\"\r\n\t\t\t\tdata-forminator-render=\"0\"\r\n\t\t\t\tdata-form-id=\"47074\"\r\n\t\t\t\t\r\n\t\t\t\tdata-design=\"basic\"\r\n\t\t\t\t\r\n\t\t\t\t\r\n\t\t\t\t\r\n\t\t\t\tdata-grid=\"open\"\r\n\t\t\t\t\r\n\t\t\t\t\r\n\t\t\t\tstyle=\"display: none;\"\r\n\t\t\t\t\r\n\t\t\t\tdata-uid=\"69fb430d67629\"\r\n\t\t\t><div role=\"alert\" aria-live=\"polite\" class=\"forminator-response-message forminator-error\" aria-hidden=\"true\"><\/div><div class=\"forminator-row\"><div id=\"name-1\" class=\"forminator-field-name forminator-col forminator-col-12 \"><div class=\"forminator-field\"><label for=\"forminator-field-name-1_69fb430d67629\" id=\"forminator-field-name-1_69fb430d67629-label\" class=\"forminator-label\">Nom Et Pr\u00e9nom <span class=\"forminator-required\">*<\/span><\/label><input type=\"text\" name=\"name-1\" value=\"\" placeholder=\"Entrez vos nom et pr\u00e9nom\" id=\"forminator-field-name-1_69fb430d67629\" class=\"forminator-input forminator-name--field\" aria-required=\"true\" \/><\/div><\/div><\/div><div class=\"forminator-row\"><div id=\"email-1\" class=\"forminator-field-email forminator-col forminator-col-12 \"><div class=\"forminator-field\"><label for=\"forminator-field-email-1_69fb430d67629\" id=\"forminator-field-email-1_69fb430d67629-label\" class=\"forminator-label\">Email <span class=\"forminator-required\">*<\/span><\/label><input type=\"email\" name=\"email-1\" value=\"\" placeholder=\"Entrez votre adresse email\" id=\"forminator-field-email-1_69fb430d67629\" class=\"forminator-input forminator-email--field\" data-required=\"1\" aria-required=\"true\" \/><\/div><\/div><\/div><div class=\"forminator-row\"><div id=\"phone-1\" class=\"forminator-field-phone forminator-col forminator-col-12 \"><div class=\"forminator-field\"><label for=\"forminator-field-phone-1_69fb430d67629\" id=\"forminator-field-phone-1_69fb430d67629-label\" class=\"forminator-label\">Num\u00e9ro De T\u00e9l\u00e9phone <span class=\"forminator-required\">*<\/span><\/label><input type=\"text\" name=\"phone-1\" value=\"\" placeholder=\"Entrez votre num\u00e9ro de t\u00e9l\u00e9phone\" id=\"forminator-field-phone-1_69fb430d67629\" class=\"forminator-input forminator-field--phone\" data-required=\"1\" aria-required=\"true\" autocomplete=\"off\" \/><\/div><\/div><\/div><div class=\"forminator-row\"><div id=\"number-1\" class=\"forminator-field-number forminator-col forminator-col-12 \"><div class=\"forminator-field\"><label for=\"forminator-field-number-1_69fb430d67629\" id=\"forminator-field-number-1_69fb430d67629-label\" class=\"forminator-label\">Montant du pr\u00eat <span class=\"forminator-required\">*<\/span><\/label><input name=\"number-1\" value=\"\" placeholder=\"De combien avez-vous besoin?\" id=\"forminator-field-number-1_69fb430d67629\" class=\"forminator-input forminator-number--field\" inputmode=\"decimal\" data-required=\"1\" data-decimals=\"0\" aria-required=\"true\" data-inputmask=\"&#039;groupSeparator&#039;: &#039;&#039;, &#039;radixPoint&#039;: &#039;&#039;, &#039;digits&#039;: &#039;0&#039;\" data-hidden-behavior=\"zero\" type=\"number\" step=\"any\" min=\"1\" \/><\/div><\/div><\/div><div class=\"forminator-row\"><div id=\"number-2\" class=\"forminator-field-number forminator-col forminator-col-12 \"><div class=\"forminator-field\"><label for=\"forminator-field-number-2_69fb430d67629\" id=\"forminator-field-number-2_69fb430d67629-label\" class=\"forminator-label\">Dur\u00e9e de remboursement (En mois) <span class=\"forminator-required\">*<\/span><\/label><input name=\"number-2\" value=\"\" placeholder=\"Pr\u00e9cisez une dur\u00e9e de remboursement\" id=\"forminator-field-number-2_69fb430d67629\" class=\"forminator-input forminator-number--field\" inputmode=\"decimal\" data-required=\"1\" data-decimals=\"0\" aria-required=\"true\" data-inputmask=\"&#039;groupSeparator&#039;: &#039;&#039;, &#039;radixPoint&#039;: &#039;&#039;, &#039;digits&#039;: &#039;0&#039;\" data-hidden-behavior=\"zero\" type=\"number\" step=\"any\" min=\"1\" max=\"150\" \/><\/div><\/div><\/div><div class=\"forminator-row\"><div id=\"textarea-1\" class=\"forminator-field-textarea forminator-col forminator-col-12 \"><div class=\"forminator-field\"><label for=\"forminator-field-textarea-1_69fb430d67629\" id=\"forminator-field-textarea-1_69fb430d67629-label\" class=\"forminator-label\">Votre Message <span class=\"forminator-required\">*<\/span><\/label><textarea name=\"textarea-1\" placeholder=\"Veuillez d\u00e9crire votre besoin ici.\" id=\"forminator-field-textarea-1_69fb430d67629\" class=\"forminator-textarea\" rows=\"6\" style=\"min-height:140px;\" ><\/textarea><\/div><\/div><\/div><input type=\"hidden\" name=\"referer_url\" value=\"\" \/><div class=\"forminator-row forminator-row-last\"><div class=\"forminator-col\"><div class=\"forminator-field\"><button class=\"forminator-button forminator-button-submit\">Soumettre votre demande<\/button><\/div><\/div><\/div><input type=\"hidden\" id=\"forminator_nonce\" name=\"forminator_nonce\" value=\"0f33744a8d\" \/><input type=\"hidden\" name=\"_wp_http_referer\" value=\"\/fr\/wp-json\/wp\/v2\/pages\/486\" \/><input type=\"hidden\" name=\"form_id\" value=\"47074\"><input type=\"hidden\" name=\"page_id\" value=\"486\"><input type=\"hidden\" name=\"form_type\" value=\"default\"><input type=\"hidden\" name=\"current_url\" value=\"https:\/\/flimahout.com\/fr\/contact\/\"><input type=\"hidden\" name=\"render_id\" value=\"0\"><input type=\"hidden\" name=\"action\" value=\"forminator_submit_form_custom-forms\"><\/form><\/div>\n<\/div>\n\n\n\n<div>\n<div class=\"gb-element-911b8a2d\">\n<div class=\"gbp--border-radius gbp--box-shadow gb-element-d8cbf387\">\n<p class=\"gb-text-52706088\"><span class=\"gb-shape\"><svg viewBox=\"0 0 256 256\" height=\"32\" width=\"32\" xmlns=\"http:\/\/www.w3.org\/2000\/svg\"><path d=\"M128,60a44,44,0,1,0,44,44A44.05,44.05,0,0,0,128,60Zm0,64a20,20,0,1,1,20-20A20,20,0,0,1,128,124Zm0-112a92.1,92.1,0,0,0-92,92c0,77.36,81.64,135.4,85.12,137.83a12,12,0,0,0,13.76,0,259,259,0,0,0,42.18-39C205.15,170.57,220,136.37,220,104A92.1,92.1,0,0,0,128,12Zm31.3,174.71A249.35,249.35,0,0,1,128,216.89a249.35,249.35,0,0,1-31.3-30.18C80,167.37,60,137.31,60,104a68,68,0,0,1,136,0C196,137.31,176,167.37,159.3,186.71Z\"><\/path><\/svg><\/span><span class=\"gb-text\"><strong>Adresse<\/strong><\/span><\/p>\n\n\n\n<p class=\"gb-text gb-text-f006e16d\">Langley St, London WC2H 9JA, Royaume-Uni<\/p>\n<\/div>\n\n\n\n<div class=\"gbp--border-radius gbp--box-shadow gb-element-56e32db2\">\n<div>\n<p class=\"gb-text-a92563b4\"><span class=\"gb-shape\"><svg aria-hidden=\"true\" role=\"img\" height=\"1em\" width=\"1em\" viewBox=\"0 0 512 512\" xmlns=\"http:\/\/www.w3.org\/2000\/svg\"><path fill=\"currentColor\" d=\"M256 8C118.941 8 8 118.919 8 256c0 137.059 110.919 248 248 248 48.154 0 95.342-14.14 135.408-40.223 12.005-7.815 14.625-24.288 5.552-35.372l-10.177-12.433c-7.671-9.371-21.179-11.667-31.373-5.129C325.92 429.757 291.314 440 256 440c-101.458 0-184-82.542-184-184S154.542 72 256 72c100.139 0 184 57.619 184 160 0 38.786-21.093 79.742-58.17 83.693-17.349-.454-16.91-12.857-13.476-30.024l23.433-121.11C394.653 149.75 383.308 136 368.225 136h-44.981a13.518 13.518 0 0 0-13.432 11.993l-.01.092c-14.697-17.901-40.448-21.775-59.971-21.775-74.58 0-137.831 62.234-137.831 151.46 0 65.303 36.785 105.87 96 105.87 26.984 0 57.369-15.637 74.991-38.333 9.522 34.104 40.613 34.103 70.71 34.103C462.609 379.41 504 307.798 504 232 504 95.653 394.023 8 256 8zm-21.68 304.43c-22.249 0-36.07-15.623-36.07-40.771 0-44.993 30.779-72.729 58.63-72.729 22.292 0 35.601 15.241 35.601 40.77 0 45.061-33.875 72.73-58.161 72.73z\"><\/path><\/svg><\/span><span class=\"gb-text\">Adresse Email<\/span><\/p>\n<\/div>\n\n\n\n<p class=\"gb-text gb-text-246409f1\">contact@flimahout.com<\/p>\n<\/div>\n\n\n\n<div class=\"gbp--border-radius gbp--box-shadow gb-element-5cc54a4d\">\n<p class=\"gb-text-49f12aef\"><span class=\"gb-shape\"><svg xmlns=\"http:\/\/www.w3.org\/2000\/svg\" width=\"32\" height=\"32\" viewBox=\"0 0 256 256\"><path d=\"M224,154.8l-47.09-21.11-.18-.08a19.94,19.94,0,0,0-19,1.75,13.08,13.08,0,0,0-1.12.84l-22.31,19c-13-7.05-26.43-20.37-33.49-33.21l19.06-22.66a11.76,11.76,0,0,0,.85-1.15,20,20,0,0,0,1.66-18.83,1.42,1.42,0,0,1-.08-.18L101.2,32A20.06,20.06,0,0,0,80.42,20.15,60.27,60.27,0,0,0,28,80c0,81.61,66.39,148,148,148a60.27,60.27,0,0,0,59.85-52.42A20.06,20.06,0,0,0,224,154.8ZM176,204A124.15,124.15,0,0,1,52,80,36.29,36.29,0,0,1,80.48,44.46l18.82,42L80.14,109.28a12,12,0,0,0-.86,1.16A20,20,0,0,0,78,130.08c9.42,19.28,28.83,38.56,48.31,48A20,20,0,0,0,146,176.63a11.63,11.63,0,0,0,1.11-.85l22.43-19.07,42,18.81A36.29,36.29,0,0,1,176,204Z\"><\/path><\/svg><\/span><span class=\"gb-text\">T\u00e9l\u00e9phone<\/span><\/p>\n\n\n\n<p class=\"gb-text gb-text-a235b1e4\">(+44) 7418-375295<\/p>\n<\/div>\n\n\n\n<div class=\"gbp--border-radius gbp--box-shadow gb-element-9e1163ca\">\n<p class=\"gb-text-dd33e71b\"><span class=\"gb-shape\"><svg xmlns=\"http:\/\/www.w3.org\/2000\/svg\" width=\"32\" height=\"32\" viewBox=\"0 0 256 256\"><path d=\"M128,20A108,108,0,1,0,236,128,108.12,108.12,0,0,0,128,20Zm0,192a84,84,0,1,1,84-84A84.09,84.09,0,0,1,128,212Zm68-84a12,12,0,0,1-12,12H128a12,12,0,0,1-12-12V72a12,12,0,0,1,24,0v44h44A12,12,0,0,1,196,128Z\"><\/path><\/svg><\/span><span class=\"gb-text\"><strong>Horaires<\/strong><\/span><\/p>\n\n\n\n<p class=\"gb-text gb-text-cf094d6b\">Lundi &#8211; Vendredi<br>8h &#8211; 21h<\/p>\n<\/div>\n<\/div>\n<\/div>\n<\/div>\n<\/div>\n\n\n\n<div class=\"gbp-section gb-element-935b8c42\">\n<span class=\"gb-shape gb-shape-169d125f gb-shape--divider\"><svg viewBox=\"0 0 400 27\" xmlns=\"http:\/\/www.w3.org\/2000\/svg\" preserveAspectRatio=\"none\"><path d=\"M400 27H0v-.5h342.71c2.46 0 4.89-.57 7.1-1.66L400 0v27Z\"><\/path><\/svg><\/span>\n<\/div>\n","protected":false},"excerpt":{"rendered":"<p>Contactez-nous Un projet en t\u00eate ? Parlons-en d\u00e8s aujourd\u2019hui Pour tout besoin pr\u00e9cis, votre demande de pr\u00eat, de renseignement ou d\u2019accompagnement personnalis\u00e9 ou une simple question, notre \u00e9quipe est \u00e0 votre \u00e9coute pour vous guider et vous proposer une solution adapt\u00e9e \u00e0 votre situation. Contactez-Nous contact@flimahout.com\/fr Adresse Langley St, London WC2H 9JA, Royaume-Uni Adresse Email &#8230; <a title=\"Contact\" class=\"read-more\" href=\"https:\/\/flimahout.com\/fr\/contact\/\" aria-label=\"En savoir plus sur Contact\">Lire plus<\/a><\/p>\n","protected":false},"author":1,"featured_media":0,"parent":0,"menu_order":0,"comment_status":"closed","ping_status":"closed","template":"","meta":{"_glsr_average":0,"_glsr_ranking":0,"_glsr_reviews":0,"footnotes":""},"class_list":["post-486","page","type-page","status-publish"],"_links":{"self":[{"href":"https:\/\/flimahout.com\/fr\/wp-json\/wp\/v2\/pages\/486","targetHints":{"allow":["GET"]}}],"collection":[{"href":"https:\/\/flimahout.com\/fr\/wp-json\/wp\/v2\/pages"}],"about":[{"href":"https:\/\/flimahout.com\/fr\/wp-json\/wp\/v2\/types\/page"}],"author":[{"embeddable":true,"href":"https:\/\/flimahout.com\/fr\/wp-json\/wp\/v2\/users\/1"}],"replies":[{"embeddable":true,"href":"https:\/\/flimahout.com\/fr\/wp-json\/wp\/v2\/comments?post=486"}],"version-history":[{"count":14,"href":"https:\/\/flimahout.com\/fr\/wp-json\/wp\/v2\/pages\/486\/revisions"}],"predecessor-version":[{"id":47298,"href":"https:\/\/flimahout.com\/fr\/wp-json\/wp\/v2\/pages\/486\/revisions\/47298"}],"wp:attachment":[{"href":"https:\/\/flimahout.com\/fr\/wp-json\/wp\/v2\/media?parent=486"}],"curies":[{"name":"wp","href":"https:\/\/api.w.org\/{rel}","templated":true}]}}